{"id":3735,"date":"2022-11-07T17:54:42","date_gmt":"2022-11-07T17:54:42","guid":{"rendered":"https:\/\/mccor.ca\/immeuble-de-commerce-de-detail-maritimes-mayflower-mall-sydney\/"},"modified":"2023-08-24T20:12:09","modified_gmt":"2023-08-24T20:12:09","slug":"immeuble-de-commerce-de-detail-maritimes-mayflower-mall-sydney","status":"publish","type":"page","link":"https:\/\/mccor.ca\/fr\/immeuble-de-commerce-de-detail-maritimes-mayflower-mall-sydney\/","title":{"rendered":"IMMEUBLE DE COMMERCE DE D\u00c9TAIL MARITIMES &#8211; MAYFLOWER MALL, SYDNEY"},"content":{"rendered":"<p>[et_pb_section fb_built=&#8221;1&#8243; custom_padding_last_edited=&#8221;on|phone&#8221; _builder_version=&#8221;4.17.6&#8243; _module_preset=&#8221;default&#8221; background_color=&#8221;#003468&#8243; background_enable_image=&#8221;off&#8221; z_index=&#8221;9&#8243; custom_padding=&#8221;100px|30px|0px|30px|false|false&#8221; custom_padding_tablet=&#8221;30px||||false|false&#8221; custom_padding_phone=&#8221;30px||||false|false&#8221; bottom_divider_color=&#8221;#003468&#8243; bottom_divider_flip=&#8221;horizontal&#8221; global_colors_info=&#8221;{}&#8221;][et_pb_row _builder_version=&#8221;4.17.6&#8243; _module_preset=&#8221;default&#8221; width=&#8221;100%&#8221; global_colors_info=&#8221;{}&#8221;][et_pb_column type=&#8221;4_4&#8243; _builder_version=&#8221;4.17.3&#8243; _module_preset=&#8221;default&#8221; global_colors_info=&#8221;{}&#8221;][et_pb_post_title author=&#8221;off&#8221; date=&#8221;off&#8221; comments=&#8221;off&#8221; featured_image=&#8221;off&#8221; _builder_version=&#8221;4.20.2&#8243; _module_preset=&#8221;default&#8221; title_text_color=&#8221;#FFFFFF&#8221; title_font_size=&#8221;60px&#8221; title_line_height=&#8221;1.2em&#8221; meta_font=&#8221;|||on|||||&#8221; meta_text_color=&#8221;#CC9C00&#8243; meta_font_size=&#8221;20px&#8221; width=&#8221;100%&#8221; max_width=&#8221;800px&#8221; hover_enabled=&#8221;0&#8243; global_colors_info=&#8221;{}&#8221; sticky_enabled=&#8221;0&#8243;][\/et_pb_post_title][\/et_pb_column][\/et_pb_row][\/et_pb_section][et_pb_section fb_built=&#8221;1&#8243; make_equal=&#8221;on&#8221; use_custom_gutter=&#8221;on&#8221; specialty=&#8221;on&#8221; custom_padding_last_edited=&#8221;on|tablet&#8221; bg_img_2=&#8221;https:\/\/mccor.ca\/wp-content\/uploads\/2022\/08\/mayflower-1.jpg&#8221; background_size_2=&#8221;contain&#8221; background_position_2=&#8221;center_right&#8221; padding_top_1=&#8221;200px&#8221; padding_top_2=&#8221;0px&#8221; padding_right_1=&#8221;0px&#8221; padding_right_2=&#8221;0px&#8221; padding_bottom_1=&#8221;100px&#8221; padding_bottom_2=&#8221;0px&#8221; padding_left_1=&#8221;0px&#8221; padding_left_2=&#8221;0px&#8221; padding_top_bottom_link_1=&#8221;false&#8221; padding_top_bottom_link_2=&#8221;false&#8221; padding_left_right_link_1=&#8221;false&#8221; padding_left_right_link_2=&#8221;false&#8221; padding_1_tablet=&#8221;130px|30px|0px|30px|false|false&#8221; padding_1_phone=&#8221;90px|30px|0px|30px|false|false&#8221; padding_1_last_edited=&#8221;on|phone&#8221; _builder_version=&#8221;4.19.0&#8243; _module_preset=&#8221;default&#8221; background_color=&#8221;#E8F2F9&#8243; width=&#8221;100%&#8221; max_width=&#8221;100%&#8221; inner_width=&#8221;100%&#8221; inner_max_width=&#8221;100%&#8221; custom_padding=&#8221;0px|0px|0px|30px|false|false&#8221; custom_padding_tablet=&#8221;|0px||0px|false|false&#8221; custom_padding_phone=&#8221;0px|0px|0px|0px|false|false&#8221; top_divider_style=&#8221;asymmetric2&#8243; top_divider_color=&#8221;#003468&#8243; top_divider_flip=&#8221;horizontal&#8221; top_divider_arrangement=&#8221;above_content&#8221; top_divider_height_tablet=&#8221;70px&#8221; top_divider_height_phone=&#8221;30px&#8221; top_divider_height_last_edited=&#8221;on|phone&#8221; bottom_divider_style=&#8221;asymmetric2&#8243; bottom_divider_color=&#8221;#003468&#8243; global_colors_info=&#8221;{}&#8221;][et_pb_column type=&#8221;1_2&#8243; specialty_columns=&#8221;2&#8243; _builder_version=&#8221;4.16&#8243; custom_padding=&#8221;|||&#8221; global_colors_info=&#8221;{}&#8221; custom_padding__hover=&#8221;|||&#8221;][et_pb_row_inner _builder_version=&#8221;4.17.6&#8243; _module_preset=&#8221;default&#8221; width=&#8221;100%&#8221; max_width=&#8221;675px&#8221; module_alignment=&#8221;right&#8221; custom_padding=&#8221;0px||60px||false|false&#8221; module_alignment_tablet=&#8221;left&#8221; module_alignment_phone=&#8221;left&#8221; module_alignment_last_edited=&#8221;on|tablet&#8221; global_colors_info=&#8221;{}&#8221;][et_pb_column_inner saved_specialty_column_type=&#8221;1_2&#8243; _builder_version=&#8221;4.17.4&#8243; _module_preset=&#8221;default&#8221; global_colors_info=&#8221;{}&#8221;][et_pb_text admin_label=&#8221;OUR APPROACH&#8221; _builder_version=&#8221;4.19.0&#8243; _module_preset=&#8221;default&#8221; text_text_color=&#8221;#232323&#8243; header_2_text_color=&#8221;#003468&#8243; header_2_font_size=&#8221;34px&#8221; custom_margin=&#8221;||0px||false|false&#8221; animation_direction=&#8221;left&#8221; global_colors_info=&#8221;{}&#8221;]<\/p>\n<h2>SITUATION<\/h2>\n<p><span>Le propri\u00e9taire a \u00e9t\u00e9 inform\u00e9 que Walmart ne renouvellerait pas son bail et chercherait \u00e0 trouver un site ind\u00e9pendant pour construire son emplacement prototype. La propri\u00e9t\u00e9 semblait us\u00e9e et il \u00e9tait difficile d&#8217;attirer de nouveaux locataires. En raison du manque de d\u00e9taillants sp\u00e9cialis\u00e9s, il y avait une perte au niveau des ventes vers d&#8217;autres march\u00e9s. Le centre commercial poss\u00e9dait 84 acres de terrain enclav\u00e9 avec peu ou pas d&#8217;acc\u00e8s de l&#8217;autre c\u00f4t\u00e9 de la rue du centre commercial.<\/span><\/p>\n<p>[\/et_pb_text][\/et_pb_column_inner][\/et_pb_row_inner][et_pb_row_inner _builder_version=&#8221;4.17.6&#8243; _module_preset=&#8221;default&#8221; width=&#8221;100%&#8221; max_width=&#8221;675px&#8221; module_alignment=&#8221;right&#8221; custom_padding=&#8221;0px||40px||false|false&#8221; module_alignment_tablet=&#8221;left&#8221; module_alignment_phone=&#8221;left&#8221; module_alignment_last_edited=&#8221;on|tablet&#8221; global_colors_info=&#8221;{}&#8221;][et_pb_column_inner saved_specialty_column_type=&#8221;1_2&#8243; _builder_version=&#8221;4.17.4&#8243; _module_preset=&#8221;default&#8221; global_colors_info=&#8221;{}&#8221;][et_pb_text admin_label=&#8221;OUR APPROACH&#8221; _builder_version=&#8221;4.19.0&#8243; _module_preset=&#8221;default&#8221; text_text_color=&#8221;#232323&#8243; header_2_text_color=&#8221;#003468&#8243; header_2_font_size=&#8221;34px&#8221; custom_margin=&#8221;||0px||false|false&#8221; animation_direction=&#8221;left&#8221; global_colors_info=&#8221;{}&#8221;]<\/p>\n<h2>SOLUTION<\/h2>\n<ol>\n<li>N\u00e9gocier et trouver une solution pour d\u00e9velopper les terrains de l&#8217;autre c\u00f4t\u00e9 de la rue afin de relocaliser Walmart.<\/li>\n<li>Cr\u00e9er une strat\u00e9gie de r\u00e9am\u00e9nagement de l&#8217;espace du Walmart dans le centre commercial.<\/li>\n<li>Profiter du d\u00e9part de Walmart pour renouveler la client\u00e8le cibl\u00e9e par le centre commercial et entreprendre des r\u00e9novations.<\/li>\n<\/ol>\n<p>[\/et_pb_text][\/et_pb_column_inner][\/et_pb_row_inner][et_pb_row_inner _builder_version=&#8221;4.17.6&#8243; _module_preset=&#8221;default&#8221; width=&#8221;100%&#8221; max_width=&#8221;675px&#8221; module_alignment=&#8221;right&#8221; custom_padding=&#8221;0px||60px||false|false&#8221; module_alignment_tablet=&#8221;left&#8221; module_alignment_phone=&#8221;left&#8221; module_alignment_last_edited=&#8221;on|tablet&#8221; global_colors_info=&#8221;{}&#8221;][et_pb_column_inner saved_specialty_column_type=&#8221;1_2&#8243; _builder_version=&#8221;4.17.4&#8243; _module_preset=&#8221;default&#8221; global_colors_info=&#8221;{}&#8221;][et_pb_text admin_label=&#8221;OUR APPROACH&#8221; _builder_version=&#8221;4.19.0&#8243; _module_preset=&#8221;default&#8221; text_text_color=&#8221;#232323&#8243; header_2_text_color=&#8221;#003468&#8243; header_2_font_size=&#8221;34px&#8221; custom_margin=&#8221;||0px||false|false&#8221; animation_direction=&#8221;left&#8221; global_colors_info=&#8221;{}&#8221;]<\/p>\n<h2>R\u00c9SULTATS<\/h2>\n<div id=\"container\">\n<div class=\"content_holder\">\n<div class=\"content_second_background\">\n<div class=\"content_area clearfix\">\n<section class=\"content_block_background\">\n<section class=\"content_block clearfix\">\n<section id=\"post-141\" class=\"content left post-141 portfolio type-portfolio status-publish has-post-thumbnail hentry portfolio_categories-commercial\">\n<div class=\"row clearfix\">\n<p><span>R\u00e9solution du probl\u00e8me d&#8217;acc\u00e8s au terrain de 84 acres et d\u00e9veloppement d&#8217;un centre commercial \u00e0 grande surface comprenant Walmart, Home Depot, Canadian Tire et des locataires auxiliaires. L&#8217;ancien Walmart a \u00e9t\u00e9 a chang\u00e9 pour un Winners, SportChek, Future Shop et une s\u00e9rie de locataires dans le domaine de la mode.<\/span><\/p>\n<\/div>\n<\/section>\n<\/section>\n<\/section>\n<\/div>\n<\/div>\n<\/div>\n<\/div>\n<p>[\/et_pb_text][\/et_pb_column_inner][\/et_pb_row_inner][\/et_pb_column][et_pb_column type=&#8221;1_2&#8243; _builder_version=&#8221;4.16&#8243; custom_padding=&#8221;|||&#8221; global_colors_info=&#8221;{}&#8221; custom_padding__hover=&#8221;|||&#8221;][et_pb_divider show_divider=&#8221;off&#8221; _builder_version=&#8221;4.17.6&#8243; _module_preset=&#8221;default&#8221; custom_padding=&#8221;200px||200px||false|false&#8221; global_colors_info=&#8221;{}&#8221;][\/et_pb_divider][\/et_pb_column][\/et_pb_section]<\/p>\n","protected":false},"excerpt":{"rendered":"<p>SITUATION Le propri\u00e9taire a \u00e9t\u00e9 inform\u00e9 que Walmart ne renouvellerait pas son bail et chercherait \u00e0 trouver un site ind\u00e9pendant pour construire son emplacement prototype. La propri\u00e9t\u00e9 semblait us\u00e9e et il \u00e9tait difficile d&#8217;attirer de nouveaux locataires. En raison du manque de d\u00e9taillants sp\u00e9cialis\u00e9s, il y avait une perte au niveau des ventes vers d&#8217;autres [&hellip;]<\/p>\n","protected":false},"author":1,"featured_media":0,"parent":0,"menu_order":0,"comment_status":"closed","ping_status":"closed","template":"","meta":{"_et_pb_use_builder":"on","_et_pb_old_content":"","_et_gb_content_width":"","_exactmetrics_skip_tracking":false,"_exactmetrics_sitenote_active":false,"_exactmetrics_sitenote_note":"","_exactmetrics_sitenote_category":0,"footnotes":""},"class_list":["post-3735","page","type-page","status-publish","hentry"],"yoast_head":"<!-- This site is optimized with the Yoast SEO plugin v27.4 - https:\/\/yoast.com\/product\/yoast-seo-wordpress\/ -->\n<title>IMMEUBLE DE COMMERCE DE D\u00c9TAIL MARITIMES - MAYFLOWER MALL, SYDNEY - McCor<\/title>\n<meta name=\"robots\" content=\"index, follow, max-snippet:-1, max-image-preview:large, max-video-preview:-1\" \/>\n<link rel=\"canonical\" href=\"https:\/\/mccor.ca\/fr\/immeuble-de-commerce-de-detail-maritimes-mayflower-mall-sydney\/\" \/>\n<meta property=\"og:locale\" content=\"fr_FR\" \/>\n<meta property=\"og:type\" content=\"article\" \/>\n<meta property=\"og:title\" content=\"IMMEUBLE DE COMMERCE DE D\u00c9TAIL MARITIMES - MAYFLOWER MALL, SYDNEY - McCor\" \/>\n<meta property=\"og:description\" content=\"SITUATION Le propri\u00e9taire a \u00e9t\u00e9 inform\u00e9 que Walmart ne renouvellerait pas son bail et chercherait \u00e0 trouver un site ind\u00e9pendant pour construire son emplacement prototype. La propri\u00e9t\u00e9 semblait us\u00e9e et il \u00e9tait difficile d&#039;attirer de nouveaux locataires. En raison du manque de d\u00e9taillants sp\u00e9cialis\u00e9s, il y avait une perte au niveau des ventes vers d&#039;autres [&hellip;]\" \/>\n<meta property=\"og:url\" content=\"https:\/\/mccor.ca\/fr\/immeuble-de-commerce-de-detail-maritimes-mayflower-mall-sydney\/\" \/>\n<meta property=\"og:site_name\" content=\"McCor\" \/>\n<meta property=\"article:publisher\" content=\"https:\/\/www.facebook.com\/mccormanagement\/\" \/>\n<meta property=\"article:modified_time\" content=\"2023-08-24T20:12:09+00:00\" \/>\n<meta name=\"twitter:card\" content=\"summary_large_image\" \/>\n<meta name=\"twitter:site\" content=\"@MccorMgmt\" \/>\n<meta name=\"twitter:label1\" content=\"Dur\u00e9e de lecture estim\u00e9e\" \/>\n\t<meta name=\"twitter:data1\" content=\"4 minutes\" \/>\n<script type=\"application\/ld+json\" class=\"yoast-schema-graph\">{\"@context\":\"https:\\\/\\\/schema.org\",\"@graph\":[{\"@type\":\"WebPage\",\"@id\":\"https:\\\/\\\/mccor.ca\\\/fr\\\/immeuble-de-commerce-de-detail-maritimes-mayflower-mall-sydney\\\/\",\"url\":\"https:\\\/\\\/mccor.ca\\\/fr\\\/immeuble-de-commerce-de-detail-maritimes-mayflower-mall-sydney\\\/\",\"name\":\"IMMEUBLE DE COMMERCE DE D\u00c9TAIL MARITIMES - MAYFLOWER MALL, SYDNEY - McCor\",\"isPartOf\":{\"@id\":\"https:\\\/\\\/mccor.ca\\\/fr\\\/#website\"},\"datePublished\":\"2022-11-07T17:54:42+00:00\",\"dateModified\":\"2023-08-24T20:12:09+00:00\",\"breadcrumb\":{\"@id\":\"https:\\\/\\\/mccor.ca\\\/fr\\\/immeuble-de-commerce-de-detail-maritimes-mayflower-mall-sydney\\\/#breadcrumb\"},\"inLanguage\":\"fr-FR\",\"potentialAction\":[{\"@type\":\"ReadAction\",\"target\":[\"https:\\\/\\\/mccor.ca\\\/fr\\\/immeuble-de-commerce-de-detail-maritimes-mayflower-mall-sydney\\\/\"]}]},{\"@type\":\"BreadcrumbList\",\"@id\":\"https:\\\/\\\/mccor.ca\\\/fr\\\/immeuble-de-commerce-de-detail-maritimes-mayflower-mall-sydney\\\/#breadcrumb\",\"itemListElement\":[{\"@type\":\"ListItem\",\"position\":1,\"name\":\"Home\",\"item\":\"https:\\\/\\\/mccor.ca\\\/fr\\\/mccor-une-societe-leader-dans-limmobilier-et-la-gestion-immobiliere-au-canada\\\/\"},{\"@type\":\"ListItem\",\"position\":2,\"name\":\"IMMEUBLE DE COMMERCE DE D\u00c9TAIL MARITIMES &#8211; MAYFLOWER MALL, SYDNEY\"}]},{\"@type\":\"WebSite\",\"@id\":\"https:\\\/\\\/mccor.ca\\\/fr\\\/#website\",\"url\":\"https:\\\/\\\/mccor.ca\\\/fr\\\/\",\"name\":\"McCOR Management\",\"description\":\"A Leading Real Estate &amp; Property Management Company Canada\",\"publisher\":{\"@id\":\"https:\\\/\\\/mccor.ca\\\/fr\\\/#organization\"},\"potentialAction\":[{\"@type\":\"SearchAction\",\"target\":{\"@type\":\"EntryPoint\",\"urlTemplate\":\"https:\\\/\\\/mccor.ca\\\/fr\\\/?s={search_term_string}\"},\"query-input\":{\"@type\":\"PropertyValueSpecification\",\"valueRequired\":true,\"valueName\":\"search_term_string\"}}],\"inLanguage\":\"fr-FR\"},{\"@type\":\"Organization\",\"@id\":\"https:\\\/\\\/mccor.ca\\\/fr\\\/#organization\",\"name\":\"McCOR Management\",\"url\":\"https:\\\/\\\/mccor.ca\\\/fr\\\/\",\"logo\":{\"@type\":\"ImageObject\",\"inLanguage\":\"fr-FR\",\"@id\":\"https:\\\/\\\/mccor.ca\\\/fr\\\/#\\\/schema\\\/logo\\\/image\\\/\",\"url\":\"https:\\\/\\\/mccor.ca\\\/wp-content\\\/uploads\\\/2022\\\/08\\\/favicon.png\",\"contentUrl\":\"https:\\\/\\\/mccor.ca\\\/wp-content\\\/uploads\\\/2022\\\/08\\\/favicon.png\",\"width\":500,\"height\":500,\"caption\":\"McCOR Management\"},\"image\":{\"@id\":\"https:\\\/\\\/mccor.ca\\\/fr\\\/#\\\/schema\\\/logo\\\/image\\\/\"},\"sameAs\":[\"https:\\\/\\\/www.facebook.com\\\/mccormanagement\\\/\",\"https:\\\/\\\/x.com\\\/MccorMgmt\",\"https:\\\/\\\/www.linkedin.com\\\/company\\\/mccor-management\\\/\"]}]}<\/script>\n<!-- \/ Yoast SEO plugin. -->","yoast_head_json":{"title":"IMMEUBLE DE COMMERCE DE D\u00c9TAIL MARITIMES - MAYFLOWER MALL, SYDNEY - McCor","robots":{"index":"index","follow":"follow","max-snippet":"max-snippet:-1","max-image-preview":"max-image-preview:large","max-video-preview":"max-video-preview:-1"},"canonical":"https:\/\/mccor.ca\/fr\/immeuble-de-commerce-de-detail-maritimes-mayflower-mall-sydney\/","og_locale":"fr_FR","og_type":"article","og_title":"IMMEUBLE DE COMMERCE DE D\u00c9TAIL MARITIMES - MAYFLOWER MALL, SYDNEY - McCor","og_description":"SITUATION Le propri\u00e9taire a \u00e9t\u00e9 inform\u00e9 que Walmart ne renouvellerait pas son bail et chercherait \u00e0 trouver un site ind\u00e9pendant pour construire son emplacement prototype. La propri\u00e9t\u00e9 semblait us\u00e9e et il \u00e9tait difficile d'attirer de nouveaux locataires. En raison du manque de d\u00e9taillants sp\u00e9cialis\u00e9s, il y avait une perte au niveau des ventes vers d'autres [&hellip;]","og_url":"https:\/\/mccor.ca\/fr\/immeuble-de-commerce-de-detail-maritimes-mayflower-mall-sydney\/","og_site_name":"McCor","article_publisher":"https:\/\/www.facebook.com\/mccormanagement\/","article_modified_time":"2023-08-24T20:12:09+00:00","twitter_card":"summary_large_image","twitter_site":"@MccorMgmt","twitter_misc":{"Dur\u00e9e de lecture estim\u00e9e":"4 minutes"},"schema":{"@context":"https:\/\/schema.org","@graph":[{"@type":"WebPage","@id":"https:\/\/mccor.ca\/fr\/immeuble-de-commerce-de-detail-maritimes-mayflower-mall-sydney\/","url":"https:\/\/mccor.ca\/fr\/immeuble-de-commerce-de-detail-maritimes-mayflower-mall-sydney\/","name":"IMMEUBLE DE COMMERCE DE D\u00c9TAIL MARITIMES - MAYFLOWER MALL, SYDNEY - McCor","isPartOf":{"@id":"https:\/\/mccor.ca\/fr\/#website"},"datePublished":"2022-11-07T17:54:42+00:00","dateModified":"2023-08-24T20:12:09+00:00","breadcrumb":{"@id":"https:\/\/mccor.ca\/fr\/immeuble-de-commerce-de-detail-maritimes-mayflower-mall-sydney\/#breadcrumb"},"inLanguage":"fr-FR","potentialAction":[{"@type":"ReadAction","target":["https:\/\/mccor.ca\/fr\/immeuble-de-commerce-de-detail-maritimes-mayflower-mall-sydney\/"]}]},{"@type":"BreadcrumbList","@id":"https:\/\/mccor.ca\/fr\/immeuble-de-commerce-de-detail-maritimes-mayflower-mall-sydney\/#breadcrumb","itemListElement":[{"@type":"ListItem","position":1,"name":"Home","item":"https:\/\/mccor.ca\/fr\/mccor-une-societe-leader-dans-limmobilier-et-la-gestion-immobiliere-au-canada\/"},{"@type":"ListItem","position":2,"name":"IMMEUBLE DE COMMERCE DE D\u00c9TAIL MARITIMES &#8211; MAYFLOWER MALL, SYDNEY"}]},{"@type":"WebSite","@id":"https:\/\/mccor.ca\/fr\/#website","url":"https:\/\/mccor.ca\/fr\/","name":"McCOR Management","description":"A Leading Real Estate &amp; Property Management Company Canada","publisher":{"@id":"https:\/\/mccor.ca\/fr\/#organization"},"potentialAction":[{"@type":"SearchAction","target":{"@type":"EntryPoint","urlTemplate":"https:\/\/mccor.ca\/fr\/?s={search_term_string}"},"query-input":{"@type":"PropertyValueSpecification","valueRequired":true,"valueName":"search_term_string"}}],"inLanguage":"fr-FR"},{"@type":"Organization","@id":"https:\/\/mccor.ca\/fr\/#organization","name":"McCOR Management","url":"https:\/\/mccor.ca\/fr\/","logo":{"@type":"ImageObject","inLanguage":"fr-FR","@id":"https:\/\/mccor.ca\/fr\/#\/schema\/logo\/image\/","url":"https:\/\/mccor.ca\/wp-content\/uploads\/2022\/08\/favicon.png","contentUrl":"https:\/\/mccor.ca\/wp-content\/uploads\/2022\/08\/favicon.png","width":500,"height":500,"caption":"McCOR Management"},"image":{"@id":"https:\/\/mccor.ca\/fr\/#\/schema\/logo\/image\/"},"sameAs":["https:\/\/www.facebook.com\/mccormanagement\/","https:\/\/x.com\/MccorMgmt","https:\/\/www.linkedin.com\/company\/mccor-management\/"]}]}},"_links":{"self":[{"href":"https:\/\/mccor.ca\/fr\/wp-json\/wp\/v2\/pages\/3735","targetHints":{"allow":["GET"]}}],"collection":[{"href":"https:\/\/mccor.ca\/fr\/wp-json\/wp\/v2\/pages"}],"about":[{"href":"https:\/\/mccor.ca\/fr\/wp-json\/wp\/v2\/types\/page"}],"author":[{"embeddable":true,"href":"https:\/\/mccor.ca\/fr\/wp-json\/wp\/v2\/users\/1"}],"replies":[{"embeddable":true,"href":"https:\/\/mccor.ca\/fr\/wp-json\/wp\/v2\/comments?post=3735"}],"version-history":[{"count":2,"href":"https:\/\/mccor.ca\/fr\/wp-json\/wp\/v2\/pages\/3735\/revisions"}],"predecessor-version":[{"id":3737,"href":"https:\/\/mccor.ca\/fr\/wp-json\/wp\/v2\/pages\/3735\/revisions\/3737"}],"wp:attachment":[{"href":"https:\/\/mccor.ca\/fr\/wp-json\/wp\/v2\/media?parent=3735"}],"curies":[{"name":"wp","href":"https:\/\/api.w.org\/{rel}","templated":true}]}}