{"id":3723,"date":"2022-08-05T20:15:47","date_gmt":"2022-08-05T20:15:47","guid":{"rendered":"https:\/\/mccor.ca\/gestion-de-propriete-residentielle\/"},"modified":"2023-08-24T15:53:16","modified_gmt":"2023-08-24T15:53:16","slug":"gestion-de-propriete-residentielle","status":"publish","type":"page","link":"https:\/\/mccor.ca\/fr\/gestion-de-propriete-residentielle\/","title":{"rendered":"GESTION DE PROPRI\u00c9T\u00c9 R\u00c9SIDENTIELLE"},"content":{"rendered":"<p>[et_pb_section fb_built=&#8221;1&#8243; custom_padding_last_edited=&#8221;on|phone&#8221; _builder_version=&#8221;4.18.0&#8243; _module_preset=&#8221;default&#8221; background_color=&#8221;#003468&#8243; custom_padding=&#8221;40px|30px|0px|30px|false|false&#8221; custom_padding_tablet=&#8221;20px||0px||false|false&#8221; custom_padding_phone=&#8221;20px|30px|0px|30px|false|false&#8221; global_module=&#8221;2832&#8243; saved_tabs=&#8221;all&#8221; global_colors_info=&#8221;{}&#8221;][et_pb_row _builder_version=&#8221;4.18.0&#8243; _module_preset=&#8221;default&#8221; transform_translate_linked=&#8221;off&#8221; width=&#8221;100%&#8221; custom_padding=&#8221;0px|0px|0px|0px|false|false&#8221; global_colors_info=&#8221;{}&#8221;][et_pb_column type=&#8221;4_4&#8243; _builder_version=&#8221;4.18.0&#8243; _module_preset=&#8221;default&#8221; global_colors_info=&#8221;{}&#8221;][et_pb_post_title meta=&#8221;off&#8221; featured_image=&#8221;off&#8221; _builder_version=&#8221;4.20.2&#8243; _module_preset=&#8221;default&#8221; title_font=&#8221;Vedo||||||||&#8221; title_text_color=&#8221;#FFFFFF&#8221; title_font_size=&#8221;4rem&#8221; transform_scale_tablet=&#8221;&#8221; transform_scale_phone=&#8221;&#8221; transform_scale_last_edited=&#8221;on|phone&#8221; transform_translate=&#8221;-6px|0px&#8221; transform_translate_tablet=&#8221;0px|0px&#8221; transform_translate_phone=&#8221;0px|0px&#8221; transform_translate_last_edited=&#8221;on|phone&#8221; transform_translate_linked=&#8221;off&#8221; transform_rotate_tablet=&#8221;&#8221; transform_rotate_phone=&#8221;&#8221; transform_rotate_last_edited=&#8221;on|phone&#8221; transform_skew_tablet=&#8221;&#8221; transform_skew_phone=&#8221;&#8221; transform_skew_last_edited=&#8221;on|phone&#8221; transform_origin_tablet=&#8221;&#8221; transform_origin_phone=&#8221;&#8221; transform_origin_last_edited=&#8221;on|phone&#8221; transform_styles_last_edited=&#8221;on|phone&#8221; custom_margin=&#8221;||0px||false|false&#8221; custom_padding=&#8221;||0px||false|false&#8221; title_font_size_tablet=&#8221;2.5rem&#8221; title_font_size_phone=&#8221;&#8221; title_font_size_last_edited=&#8221;on|tablet&#8221; transform_styles_tablet=&#8221;&#8221; transform_styles_phone=&#8221;&#8221; custom_css_post_title=&#8221;margin: 0;||padding: 0;&#8221; global_colors_info=&#8221;{}&#8221;][\/et_pb_post_title][\/et_pb_column][\/et_pb_row][\/et_pb_section][et_pb_section fb_built=&#8221;1&#8243; prev_background_color=&#8221;#003468&#8243; _builder_version=&#8221;4.18.0&#8243; _module_preset=&#8221;default&#8221; custom_padding=&#8221;||||false|false&#8221; top_divider_style=&#8221;asymmetric&#8221; top_divider_height=&#8221;64px&#8221; top_divider_repeat=&#8221;1x&#8221; top_divider_flip=&#8221;horizontal&#8221; top_divider_arrangement=&#8221;above_content&#8221; top_divider_style_tablet=&#8221;slant&#8221; top_divider_style_phone=&#8221;slant&#8221; top_divider_style_last_edited=&#8221;on|phone&#8221; top_divider_height_tablet=&#8221;40px&#8221; top_divider_height_phone=&#8221;40px&#8221; top_divider_height_last_edited=&#8221;on|desktop&#8221; bottom_divider_style=&#8221;asymmetric&#8221; bottom_divider_color=&#8221;#FFFFFF&#8221; bottom_divider_height=&#8221;64px&#8221; bottom_divider_flip=&#8221;horizontal&#8221; bottom_divider_arrangement=&#8221;above_content&#8221; bottom_divider_style_tablet=&#8221;slant&#8221; bottom_divider_style_phone=&#8221;slant&#8221; bottom_divider_style_last_edited=&#8221;on|tablet&#8221; bottom_divider_height_tablet=&#8221;40px&#8221; bottom_divider_height_phone=&#8221;40px&#8221; bottom_divider_height_last_edited=&#8221;on|desktop&#8221; global_colors_info=&#8221;{}&#8221;][et_pb_row column_structure=&#8221;1_2,1_2&#8243; use_custom_gutter=&#8221;on&#8221; gutter_width=&#8221;2&#8243; make_equal=&#8221;on&#8221; _builder_version=&#8221;4.18.0&#8243; _module_preset=&#8221;default&#8221; background_color=&#8221;#e8f2f9&#8243; width=&#8221;100%&#8221; max_width=&#8221;100%&#8221; custom_padding=&#8221;||||false|false&#8221; global_colors_info=&#8221;{}&#8221;][et_pb_column type=&#8221;1_2&#8243; _builder_version=&#8221;4.18.0&#8243; _module_preset=&#8221;default&#8221; custom_padding=&#8221;220px|30px|180px|30px|false|false&#8221; custom_padding_tablet=&#8221;120px|30px|60px||false|false&#8221; custom_padding_phone=&#8221;80px||30px|30px|false|false&#8221; custom_padding_last_edited=&#8221;on|desktop&#8221; custom_css_main_element=&#8221;max-width: 715px;||margin-left: auto;&#8221; global_colors_info=&#8221;{}&#8221;][et_pb_text _builder_version=&#8221;4.18.0&#8243; _module_preset=&#8221;default&#8221; header_2_line_height=&#8221;1.4em&#8221; custom_margin=&#8221;||1rem||false|false&#8221; custom_padding=&#8221;||0px||false|false&#8221; global_colors_info=&#8221;{}&#8221;]<\/p>\n<h2>SERVICES DE LOCATION R\u00c9SIDENTIELLE POUR LES NOUVELLES CONSTRUCTIONS MULTIFAMILIALES<\/h2>\n<p>[\/et_pb_text][et_pb_text _builder_version=&#8221;4.18.0&#8243; _module_preset=&#8221;default&#8221; global_colors_info=&#8221;{}&#8221;]<\/p>\n<p><span>Gr\u00e2ce \u00e0 notre gamme de services enti\u00e8rement int\u00e9gr\u00e9s et \u00e0 notre \u00e9quipe diversifi\u00e9e de professionnels disciplin\u00e9s et talentueux, McCOR offre des services r\u00e9sidentiels complets et diversifi\u00e9s pour les nouvelles constructions multifamiliales dans des villes s\u00e9lectionn\u00e9es. De la conception \u00e0 l&#8217;occupation compl\u00e8te, nous sommes d\u00e9vou\u00e9s \u00e0 nos clients \u00e0 chaque \u00e9tape du processus. Pour nos clients, cela se traduit par la commodit\u00e9 et l&#8217;assurance de travailler avec un partenaire qui a une connaissance approfondie de leur propri\u00e9t\u00e9 et qui comprend vraiment leur vision.<\/span><span> <\/span><\/p>\n<p>[\/et_pb_text][\/et_pb_column][et_pb_column type=&#8221;1_2&#8243; _builder_version=&#8221;4.18.0&#8243; _module_preset=&#8221;default&#8221; background_image=&#8221;https:\/\/mccor.ca\/wp-content\/uploads\/2022\/10\/multifamily_building.webp&#8221; global_colors_info=&#8221;{}&#8221;][et_pb_divider show_divider=&#8221;off&#8221; _builder_version=&#8221;4.18.0&#8243; _module_preset=&#8221;default&#8221; custom_padding=&#8221;120px||120px||false|false&#8221; global_colors_info=&#8221;{}&#8221;][\/et_pb_divider][\/et_pb_column][\/et_pb_row][\/et_pb_section][et_pb_section fb_built=&#8221;1&#8243; module_class=&#8221;logo_overlay&#8221; _builder_version=&#8221;4.18.0&#8243; _module_preset=&#8221;default&#8221; background_enable_color=&#8221;off&#8221; custom_padding=&#8221;180px|30px|180px|30px|false|false&#8221; top_divider_height=&#8221;64px&#8221; top_divider_repeat=&#8221;1x&#8221; top_divider_flip=&#8221;horizontal&#8221; top_divider_arrangement=&#8221;above_content&#8221; top_divider_style_tablet=&#8221;slant&#8221; top_divider_style_phone=&#8221;slant&#8221; top_divider_style_last_edited=&#8221;off|desktop&#8221; top_divider_height_tablet=&#8221;40px&#8221; top_divider_height_phone=&#8221;40px&#8221; top_divider_height_last_edited=&#8221;on|desktop&#8221; bottom_divider_style=&#8221;asymmetric&#8221; bottom_divider_color=&#8221;#003468&#8243; bottom_divider_height=&#8221;64px&#8221; bottom_divider_flip=&#8221;horizontal&#8221; bottom_divider_arrangement=&#8221;above_content&#8221; bottom_divider_style_tablet=&#8221;slant&#8221; bottom_divider_style_phone=&#8221;slant&#8221; bottom_divider_style_last_edited=&#8221;on|tablet&#8221; bottom_divider_height_tablet=&#8221;40px&#8221; bottom_divider_height_phone=&#8221;40px&#8221; bottom_divider_height_last_edited=&#8221;on|desktop&#8221; global_colors_info=&#8221;{}&#8221;][et_pb_row _builder_version=&#8221;4.18.0&#8243; _module_preset=&#8221;default&#8221; global_colors_info=&#8221;{}&#8221;][et_pb_column type=&#8221;4_4&#8243; _builder_version=&#8221;4.18.0&#8243; _module_preset=&#8221;default&#8221; global_colors_info=&#8221;{}&#8221;][et_pb_text _builder_version=&#8221;4.18.0&#8243; _module_preset=&#8221;default&#8221; header_2_line_height=&#8221;1.4em&#8221; custom_margin=&#8221;||1rem||false|false&#8221; custom_padding=&#8221;||0px||false|false&#8221; global_colors_info=&#8221;{}&#8221;]<\/p>\n<h2>Nos programmes complets de location de logements neufs incluent :<\/h2>\n<p>[\/et_pb_text][\/et_pb_column][\/et_pb_row][et_pb_row column_structure=&#8221;1_2,1_2&#8243; use_custom_gutter=&#8221;on&#8221; make_equal=&#8221;on&#8221; _builder_version=&#8221;4.18.0&#8243; _module_preset=&#8221;default&#8221; background_enable_color=&#8221;off&#8221; width=&#8221;100%&#8221; custom_padding=&#8221;||||false|false&#8221; global_colors_info=&#8221;{}&#8221;][et_pb_column type=&#8221;1_2&#8243; _builder_version=&#8221;4.18.0&#8243; _module_preset=&#8221;default&#8221; background_enable_image=&#8221;off&#8221; global_colors_info=&#8221;{}&#8221;][et_pb_blurb use_icon=&#8221;on&#8221; font_icon=&#8221;&#xe052;||divi||400&#8243; icon_placement=&#8221;left&#8221; content_max_width=&#8221;100%&#8221; _builder_version=&#8221;4.18.0&#8243; _module_preset=&#8221;default&#8221; header_level=&#8221;h3&#8243; body_font=&#8221;||||||||&#8221; body_font_size=&#8221;22px&#8221; custom_margin=&#8221;||30px||false|false&#8221; global_colors_info=&#8221;{}&#8221;]<\/p>\n<p>Une soci\u00e9t\u00e9 de location r\u00e9sidentielle tierce, sans conflit d&#8217;int\u00e9r\u00eats.<\/p>\n<p>[\/et_pb_blurb][et_pb_blurb use_icon=&#8221;on&#8221; font_icon=&#8221;&#xe052;||divi||400&#8243; icon_placement=&#8221;left&#8221; content_max_width=&#8221;100%&#8221; _builder_version=&#8221;4.18.0&#8243; _module_preset=&#8221;default&#8221; header_level=&#8221;h3&#8243; body_font=&#8221;||||||||&#8221; body_font_size=&#8221;22px&#8221; custom_margin=&#8221;||30px||false|false&#8221; global_colors_info=&#8221;{}&#8221;]<\/p>\n<p>Un programme de location personnalis\u00e9 \u00e9prouv\u00e9 qui permet de louer les logements plus rapidement, cr\u00e9ant ainsi un flux de tr\u00e9sorerie positif d\u00e8s l&#8217;occupation.<\/p>\n<p>[\/et_pb_blurb][et_pb_blurb use_icon=&#8221;on&#8221; font_icon=&#8221;&#xe052;||divi||400&#8243; icon_placement=&#8221;left&#8221; content_max_width=&#8221;100%&#8221; _builder_version=&#8221;4.18.0&#8243; _module_preset=&#8221;default&#8221; header_level=&#8221;h3&#8243; body_font=&#8221;||||||||&#8221; body_font_size=&#8221;22px&#8221; custom_margin=&#8221;||30px||false|false&#8221; global_colors_info=&#8221;{}&#8221;]<\/p>\n<p>Un membre fiable de l&#8217;\u00e9quipe qui contribuera \u00e0 la phase de planification de la construction, fournira un programme de location professionnel ax\u00e9 sur les r\u00e9sultats pendant la phase de commercialisation et prendra en charge l&#8217;emm\u00e9nagement des locataires. Une image professionnelle positive pour le promoteur pendant le processus d&#8217;emm\u00e9nagement.<\/p>\n<p>[\/et_pb_blurb][et_pb_blurb use_icon=&#8221;on&#8221; font_icon=&#8221;&#xe052;||divi||400&#8243; icon_placement=&#8221;left&#8221; content_max_width=&#8221;100%&#8221; _builder_version=&#8221;4.18.0&#8243; _module_preset=&#8221;default&#8221; header_level=&#8221;h3&#8243; body_font=&#8221;||||||||&#8221; body_font_size=&#8221;22px&#8221; custom_margin=&#8221;||30px||false|false&#8221; global_colors_info=&#8221;{}&#8221;]<\/p>\n<p>Des conseils op\u00e9rationnels tout au long de la p\u00e9riode de d\u00e9veloppement de votre projet dans le but de r\u00e9duire les co\u00fbts de construction, les co\u00fbts op\u00e9rationnels et de maximiser le confort des r\u00e9sidents de l&#8217;immeuble.<\/p>\n<p>[\/et_pb_blurb][et_pb_blurb use_icon=&#8221;on&#8221; font_icon=&#8221;&#xe052;||divi||400&#8243; icon_placement=&#8221;left&#8221; content_max_width=&#8221;100%&#8221; _builder_version=&#8221;4.18.0&#8243; _module_preset=&#8221;default&#8221; header_level=&#8221;h3&#8243; body_font=&#8221;||||||||&#8221; body_font_size=&#8221;22px&#8221; custom_margin=&#8221;||30px||false|false&#8221; global_colors_info=&#8221;{}&#8221;]<\/p>\n<p>Des budgets pr\u00e9liminaires de location de qualit\u00e9 pendant la phase de conception et de marketing.<\/p>\n<p>[\/et_pb_blurb][et_pb_blurb use_icon=&#8221;on&#8221; font_icon=&#8221;&#xe052;||divi||400&#8243; icon_placement=&#8221;left&#8221; content_max_width=&#8221;100%&#8221; _builder_version=&#8221;4.18.0&#8243; _module_preset=&#8221;default&#8221; header_level=&#8221;h3&#8243; body_font=&#8221;||||||||&#8221; body_font_size=&#8221;22px&#8221; custom_margin=&#8221;||30px||false|false&#8221; global_colors_info=&#8221;{}&#8221;]<\/p>\n<p>Planification et coordination d&#8217;une campagne de location compl\u00e8te.<\/p>\n<p>[\/et_pb_blurb][\/et_pb_column][et_pb_column type=&#8221;1_2&#8243; _builder_version=&#8221;4.18.0&#8243; _module_preset=&#8221;default&#8221; custom_padding_tablet=&#8221;120px|30px|60px||false|false&#8221; custom_padding_phone=&#8221;80px||30px|30px|false|false&#8221; custom_padding_last_edited=&#8221;off|desktop&#8221; custom_css_main_element=&#8221;max-width: 760px;||margin-left: auto;&#8221; global_colors_info=&#8221;{}&#8221;][et_pb_blurb use_icon=&#8221;on&#8221; font_icon=&#8221;&#xe052;||divi||400&#8243; icon_placement=&#8221;left&#8221; content_max_width=&#8221;100%&#8221; _builder_version=&#8221;4.18.0&#8243; _module_preset=&#8221;default&#8221; header_level=&#8221;h3&#8243; body_font=&#8221;||||||||&#8221; body_font_size=&#8221;22px&#8221; custom_margin=&#8221;||30px||false|false&#8221; global_colors_info=&#8221;{}&#8221;]<\/p>\n<p>Formation et orientation du personnel de location du site.<\/p>\n<p>[\/et_pb_blurb][et_pb_blurb use_icon=&#8221;on&#8221; font_icon=&#8221;&#xe052;||divi||400&#8243; icon_placement=&#8221;left&#8221; content_max_width=&#8221;100%&#8221; _builder_version=&#8221;4.18.0&#8243; _module_preset=&#8221;default&#8221; header_level=&#8221;h3&#8243; body_font=&#8221;||||||||&#8221; body_font_size=&#8221;22px&#8221; custom_margin=&#8221;||30px||false|false&#8221; global_colors_info=&#8221;{}&#8221;]<\/p>\n<p>Supervision du mat\u00e9riel de marketing et de la signalisation de la location.<\/p>\n<p>[\/et_pb_blurb][et_pb_blurb use_icon=&#8221;on&#8221; font_icon=&#8221;&#xe052;||divi||400&#8243; icon_placement=&#8221;left&#8221; content_max_width=&#8221;100%&#8221; _builder_version=&#8221;4.18.0&#8243; _module_preset=&#8221;default&#8221; header_level=&#8221;h3&#8243; body_font=&#8221;||||||||&#8221; body_font_size=&#8221;22px&#8221; custom_margin=&#8221;||30px||false|false&#8221; global_colors_info=&#8221;{}&#8221;]<\/p>\n<p>Analyse des diverses incitations \u00e0 la location.<\/p>\n<p>[\/et_pb_blurb][et_pb_blurb use_icon=&#8221;on&#8221; font_icon=&#8221;&#xe052;||divi||400&#8243; icon_placement=&#8221;left&#8221; content_max_width=&#8221;100%&#8221; _builder_version=&#8221;4.18.0&#8243; _module_preset=&#8221;default&#8221; header_level=&#8221;h3&#8243; body_font=&#8221;||||||||&#8221; body_font_size=&#8221;22px&#8221; custom_margin=&#8221;||30px||false|false&#8221; global_colors_info=&#8221;{}&#8221;]<\/p>\n<p>Planifier les \u00e9v\u00e9nements sp\u00e9ciaux et les programmes de marketing, y compris les journ\u00e9es portes ouvertes.<\/p>\n<p>[\/et_pb_blurb][et_pb_blurb use_icon=&#8221;on&#8221; font_icon=&#8221;&#xe052;||divi||400&#8243; icon_placement=&#8221;left&#8221; content_max_width=&#8221;100%&#8221; _builder_version=&#8221;4.18.0&#8243; _module_preset=&#8221;default&#8221; header_level=&#8221;h3&#8243; body_font=&#8221;||||||||&#8221; body_font_size=&#8221;22px&#8221; custom_margin=&#8221;||30px||false|false&#8221; global_colors_info=&#8221;{}&#8221;]<\/p>\n<p>Personnel d&#8217;arri\u00e8re-boutique pour v\u00e9rifier toutes les applications et l&#8217;historique de cr\u00e9dit des locataires potentiels.<\/p>\n<p>[\/et_pb_blurb][et_pb_blurb use_icon=&#8221;on&#8221; font_icon=&#8221;&#xe052;||divi||400&#8243; icon_placement=&#8221;left&#8221; content_max_width=&#8221;100%&#8221; _builder_version=&#8221;4.18.0&#8243; _module_preset=&#8221;default&#8221; header_level=&#8221;h3&#8243; body_font=&#8221;||||||||&#8221; body_font_size=&#8221;22px&#8221; custom_margin=&#8221;||30px||false|false&#8221; global_colors_info=&#8221;{}&#8221;]<\/p>\n<p>Rapports au propri\u00e9taire en temps opportun (rapports hebdomadaires sur le trafic, mises \u00e0 jour mensuelles officielles sur la location, \u00e9chantillons hebdomadaires de publicit\u00e9 dans les m\u00e9dias imprim\u00e9s) et r\u00e9unions mensuelles d\u00e9taill\u00e9es avec le propri\u00e9taire.<\/p>\n<p>[\/et_pb_blurb][et_pb_blurb use_icon=&#8221;on&#8221; font_icon=&#8221;&#xe052;||divi||400&#8243; icon_placement=&#8221;left&#8221; content_max_width=&#8221;100%&#8221; _builder_version=&#8221;4.18.0&#8243; _module_preset=&#8221;default&#8221; header_level=&#8221;h3&#8243; body_font=&#8221;||||||||&#8221; body_font_size=&#8221;22px&#8221; custom_margin=&#8221;||30px||false|false&#8221; global_colors_info=&#8221;{}&#8221;]<\/p>\n<p>Le personnel est compos\u00e9 de comptables agr\u00e9\u00e9s exp\u00e9riment\u00e9s qui veillent \u00e0 ce que la comptabilit\u00e9 du projet soit effectu\u00e9e de mani\u00e8re pr\u00e9cise et opportune, \u00e0 la satisfaction du propri\u00e9taire.<\/p>\n<p>[\/et_pb_blurb][\/et_pb_column][\/et_pb_row][\/et_pb_section]<\/p>\n","protected":false},"excerpt":{"rendered":"<p>SERVICES DE LOCATION R\u00c9SIDENTIELLE POUR LES NOUVELLES CONSTRUCTIONS MULTIFAMILIALESGr\u00e2ce \u00e0 notre gamme de services enti\u00e8rement int\u00e9gr\u00e9s et \u00e0 notre \u00e9quipe diversifi\u00e9e de professionnels disciplin\u00e9s et talentueux, McCOR offre des services r\u00e9sidentiels complets et diversifi\u00e9s pour les nouvelles constructions multifamiliales dans des villes s\u00e9lectionn\u00e9es. De la conception \u00e0 l&#8217;occupation compl\u00e8te, nous sommes d\u00e9vou\u00e9s \u00e0 nos clients [&hellip;]<\/p>\n","protected":false},"author":1,"featured_media":0,"parent":0,"menu_order":0,"comment_status":"closed","ping_status":"closed","template":"","meta":{"_et_pb_use_builder":"on","_et_pb_old_content":"","_et_gb_content_width":"","_exactmetrics_skip_tracking":false,"_exactmetrics_sitenote_active":false,"_exactmetrics_sitenote_note":"","_exactmetrics_sitenote_category":0,"footnotes":""},"class_list":["post-3723","page","type-page","status-publish","hentry"],"yoast_head":"<!-- This site is optimized with the Yoast SEO plugin v27.3 - https:\/\/yoast.com\/product\/yoast-seo-wordpress\/ -->\n<title>GESTION DE PROPRI\u00c9T\u00c9 R\u00c9SIDENTIELLE - McCor<\/title>\n<meta name=\"robots\" content=\"index, follow, max-snippet:-1, max-image-preview:large, max-video-preview:-1\" \/>\n<link rel=\"canonical\" href=\"https:\/\/mccor.ca\/fr\/gestion-de-propriete-residentielle\/\" \/>\n<meta property=\"og:locale\" content=\"fr_FR\" \/>\n<meta property=\"og:type\" content=\"article\" \/>\n<meta property=\"og:title\" content=\"GESTION DE PROPRI\u00c9T\u00c9 R\u00c9SIDENTIELLE - McCor\" \/>\n<meta property=\"og:description\" content=\"SERVICES DE LOCATION R\u00c9SIDENTIELLE POUR LES NOUVELLES CONSTRUCTIONS MULTIFAMILIALESGr\u00e2ce \u00e0 notre gamme de services enti\u00e8rement int\u00e9gr\u00e9s et \u00e0 notre \u00e9quipe diversifi\u00e9e de professionnels disciplin\u00e9s et talentueux, McCOR offre des services r\u00e9sidentiels complets et diversifi\u00e9s pour les nouvelles constructions multifamiliales dans des villes s\u00e9lectionn\u00e9es. De la conception \u00e0 l&#039;occupation compl\u00e8te, nous sommes d\u00e9vou\u00e9s \u00e0 nos clients [&hellip;]\" \/>\n<meta property=\"og:url\" content=\"https:\/\/mccor.ca\/fr\/gestion-de-propriete-residentielle\/\" \/>\n<meta property=\"og:site_name\" content=\"McCor\" \/>\n<meta property=\"article:publisher\" content=\"https:\/\/www.facebook.com\/mccormanagement\/\" \/>\n<meta property=\"article:modified_time\" content=\"2023-08-24T15:53:16+00:00\" \/>\n<meta name=\"twitter:card\" content=\"summary_large_image\" \/>\n<meta name=\"twitter:site\" content=\"@MccorMgmt\" \/>\n<meta name=\"twitter:label1\" content=\"Dur\u00e9e de lecture estim\u00e9e\" \/>\n\t<meta name=\"twitter:data1\" content=\"9 minutes\" \/>\n<script type=\"application\/ld+json\" class=\"yoast-schema-graph\">{\"@context\":\"https:\\\/\\\/schema.org\",\"@graph\":[{\"@type\":\"WebPage\",\"@id\":\"https:\\\/\\\/mccor.ca\\\/fr\\\/gestion-de-propriete-residentielle\\\/\",\"url\":\"https:\\\/\\\/mccor.ca\\\/fr\\\/gestion-de-propriete-residentielle\\\/\",\"name\":\"GESTION DE PROPRI\u00c9T\u00c9 R\u00c9SIDENTIELLE - McCor\",\"isPartOf\":{\"@id\":\"https:\\\/\\\/mccor.ca\\\/fr\\\/#website\"},\"datePublished\":\"2022-08-05T20:15:47+00:00\",\"dateModified\":\"2023-08-24T15:53:16+00:00\",\"breadcrumb\":{\"@id\":\"https:\\\/\\\/mccor.ca\\\/fr\\\/gestion-de-propriete-residentielle\\\/#breadcrumb\"},\"inLanguage\":\"fr-FR\",\"potentialAction\":[{\"@type\":\"ReadAction\",\"target\":[\"https:\\\/\\\/mccor.ca\\\/fr\\\/gestion-de-propriete-residentielle\\\/\"]}]},{\"@type\":\"BreadcrumbList\",\"@id\":\"https:\\\/\\\/mccor.ca\\\/fr\\\/gestion-de-propriete-residentielle\\\/#breadcrumb\",\"itemListElement\":[{\"@type\":\"ListItem\",\"position\":1,\"name\":\"Home\",\"item\":\"https:\\\/\\\/mccor.ca\\\/fr\\\/mccor-une-societe-leader-dans-limmobilier-et-la-gestion-immobiliere-au-canada\\\/\"},{\"@type\":\"ListItem\",\"position\":2,\"name\":\"GESTION DE PROPRI\u00c9T\u00c9 R\u00c9SIDENTIELLE\"}]},{\"@type\":\"WebSite\",\"@id\":\"https:\\\/\\\/mccor.ca\\\/fr\\\/#website\",\"url\":\"https:\\\/\\\/mccor.ca\\\/fr\\\/\",\"name\":\"McCOR Management\",\"description\":\"A Leading Real Estate &amp; Property Management Company Canada\",\"publisher\":{\"@id\":\"https:\\\/\\\/mccor.ca\\\/fr\\\/#organization\"},\"potentialAction\":[{\"@type\":\"SearchAction\",\"target\":{\"@type\":\"EntryPoint\",\"urlTemplate\":\"https:\\\/\\\/mccor.ca\\\/fr\\\/?s={search_term_string}\"},\"query-input\":{\"@type\":\"PropertyValueSpecification\",\"valueRequired\":true,\"valueName\":\"search_term_string\"}}],\"inLanguage\":\"fr-FR\"},{\"@type\":\"Organization\",\"@id\":\"https:\\\/\\\/mccor.ca\\\/fr\\\/#organization\",\"name\":\"McCOR Management\",\"url\":\"https:\\\/\\\/mccor.ca\\\/fr\\\/\",\"logo\":{\"@type\":\"ImageObject\",\"inLanguage\":\"fr-FR\",\"@id\":\"https:\\\/\\\/mccor.ca\\\/fr\\\/#\\\/schema\\\/logo\\\/image\\\/\",\"url\":\"https:\\\/\\\/mccor.ca\\\/wp-content\\\/uploads\\\/2022\\\/08\\\/favicon.png\",\"contentUrl\":\"https:\\\/\\\/mccor.ca\\\/wp-content\\\/uploads\\\/2022\\\/08\\\/favicon.png\",\"width\":500,\"height\":500,\"caption\":\"McCOR Management\"},\"image\":{\"@id\":\"https:\\\/\\\/mccor.ca\\\/fr\\\/#\\\/schema\\\/logo\\\/image\\\/\"},\"sameAs\":[\"https:\\\/\\\/www.facebook.com\\\/mccormanagement\\\/\",\"https:\\\/\\\/x.com\\\/MccorMgmt\",\"https:\\\/\\\/www.linkedin.com\\\/company\\\/mccor-management\\\/\"]}]}<\/script>\n<!-- \/ Yoast SEO plugin. -->","yoast_head_json":{"title":"GESTION DE PROPRI\u00c9T\u00c9 R\u00c9SIDENTIELLE - McCor","robots":{"index":"index","follow":"follow","max-snippet":"max-snippet:-1","max-image-preview":"max-image-preview:large","max-video-preview":"max-video-preview:-1"},"canonical":"https:\/\/mccor.ca\/fr\/gestion-de-propriete-residentielle\/","og_locale":"fr_FR","og_type":"article","og_title":"GESTION DE PROPRI\u00c9T\u00c9 R\u00c9SIDENTIELLE - McCor","og_description":"SERVICES DE LOCATION R\u00c9SIDENTIELLE POUR LES NOUVELLES CONSTRUCTIONS MULTIFAMILIALESGr\u00e2ce \u00e0 notre gamme de services enti\u00e8rement int\u00e9gr\u00e9s et \u00e0 notre \u00e9quipe diversifi\u00e9e de professionnels disciplin\u00e9s et talentueux, McCOR offre des services r\u00e9sidentiels complets et diversifi\u00e9s pour les nouvelles constructions multifamiliales dans des villes s\u00e9lectionn\u00e9es. De la conception \u00e0 l'occupation compl\u00e8te, nous sommes d\u00e9vou\u00e9s \u00e0 nos clients [&hellip;]","og_url":"https:\/\/mccor.ca\/fr\/gestion-de-propriete-residentielle\/","og_site_name":"McCor","article_publisher":"https:\/\/www.facebook.com\/mccormanagement\/","article_modified_time":"2023-08-24T15:53:16+00:00","twitter_card":"summary_large_image","twitter_site":"@MccorMgmt","twitter_misc":{"Dur\u00e9e de lecture estim\u00e9e":"9 minutes"},"schema":{"@context":"https:\/\/schema.org","@graph":[{"@type":"WebPage","@id":"https:\/\/mccor.ca\/fr\/gestion-de-propriete-residentielle\/","url":"https:\/\/mccor.ca\/fr\/gestion-de-propriete-residentielle\/","name":"GESTION DE PROPRI\u00c9T\u00c9 R\u00c9SIDENTIELLE - McCor","isPartOf":{"@id":"https:\/\/mccor.ca\/fr\/#website"},"datePublished":"2022-08-05T20:15:47+00:00","dateModified":"2023-08-24T15:53:16+00:00","breadcrumb":{"@id":"https:\/\/mccor.ca\/fr\/gestion-de-propriete-residentielle\/#breadcrumb"},"inLanguage":"fr-FR","potentialAction":[{"@type":"ReadAction","target":["https:\/\/mccor.ca\/fr\/gestion-de-propriete-residentielle\/"]}]},{"@type":"BreadcrumbList","@id":"https:\/\/mccor.ca\/fr\/gestion-de-propriete-residentielle\/#breadcrumb","itemListElement":[{"@type":"ListItem","position":1,"name":"Home","item":"https:\/\/mccor.ca\/fr\/mccor-une-societe-leader-dans-limmobilier-et-la-gestion-immobiliere-au-canada\/"},{"@type":"ListItem","position":2,"name":"GESTION DE PROPRI\u00c9T\u00c9 R\u00c9SIDENTIELLE"}]},{"@type":"WebSite","@id":"https:\/\/mccor.ca\/fr\/#website","url":"https:\/\/mccor.ca\/fr\/","name":"McCOR Management","description":"A Leading Real Estate &amp; Property Management Company Canada","publisher":{"@id":"https:\/\/mccor.ca\/fr\/#organization"},"potentialAction":[{"@type":"SearchAction","target":{"@type":"EntryPoint","urlTemplate":"https:\/\/mccor.ca\/fr\/?s={search_term_string}"},"query-input":{"@type":"PropertyValueSpecification","valueRequired":true,"valueName":"search_term_string"}}],"inLanguage":"fr-FR"},{"@type":"Organization","@id":"https:\/\/mccor.ca\/fr\/#organization","name":"McCOR Management","url":"https:\/\/mccor.ca\/fr\/","logo":{"@type":"ImageObject","inLanguage":"fr-FR","@id":"https:\/\/mccor.ca\/fr\/#\/schema\/logo\/image\/","url":"https:\/\/mccor.ca\/wp-content\/uploads\/2022\/08\/favicon.png","contentUrl":"https:\/\/mccor.ca\/wp-content\/uploads\/2022\/08\/favicon.png","width":500,"height":500,"caption":"McCOR Management"},"image":{"@id":"https:\/\/mccor.ca\/fr\/#\/schema\/logo\/image\/"},"sameAs":["https:\/\/www.facebook.com\/mccormanagement\/","https:\/\/x.com\/MccorMgmt","https:\/\/www.linkedin.com\/company\/mccor-management\/"]}]}},"_links":{"self":[{"href":"https:\/\/mccor.ca\/fr\/wp-json\/wp\/v2\/pages\/3723","targetHints":{"allow":["GET"]}}],"collection":[{"href":"https:\/\/mccor.ca\/fr\/wp-json\/wp\/v2\/pages"}],"about":[{"href":"https:\/\/mccor.ca\/fr\/wp-json\/wp\/v2\/types\/page"}],"author":[{"embeddable":true,"href":"https:\/\/mccor.ca\/fr\/wp-json\/wp\/v2\/users\/1"}],"replies":[{"embeddable":true,"href":"https:\/\/mccor.ca\/fr\/wp-json\/wp\/v2\/comments?post=3723"}],"version-history":[{"count":2,"href":"https:\/\/mccor.ca\/fr\/wp-json\/wp\/v2\/pages\/3723\/revisions"}],"predecessor-version":[{"id":3725,"href":"https:\/\/mccor.ca\/fr\/wp-json\/wp\/v2\/pages\/3723\/revisions\/3725"}],"wp:attachment":[{"href":"https:\/\/mccor.ca\/fr\/wp-json\/wp\/v2\/media?parent=3723"}],"curies":[{"name":"wp","href":"https:\/\/api.w.org\/{rel}","templated":true}]}}