{"id":3717,"date":"2022-08-05T20:16:00","date_gmt":"2022-08-05T20:16:00","guid":{"rendered":"https:\/\/mccor.ca\/gestion-des-investissements\/"},"modified":"2023-08-24T15:01:59","modified_gmt":"2023-08-24T15:01:59","slug":"gestion-des-investissements","status":"publish","type":"page","link":"https:\/\/mccor.ca\/fr\/gestion-des-investissements\/","title":{"rendered":"GESTION DES INVESTISSEMENTS"},"content":{"rendered":"<p>[et_pb_section fb_built=&#8221;1&#8243; custom_padding_last_edited=&#8221;on|phone&#8221; _builder_version=&#8221;4.18.0&#8243; _module_preset=&#8221;default&#8221; background_color=&#8221;#003468&#8243; custom_padding=&#8221;40px|30px|0px|30px|false|false&#8221; custom_padding_tablet=&#8221;20px||0px||false|false&#8221; custom_padding_phone=&#8221;20px|30px|0px|30px|false|false&#8221; global_module=&#8221;2832&#8243; saved_tabs=&#8221;all&#8221; global_colors_info=&#8221;{}&#8221;][et_pb_row _builder_version=&#8221;4.18.0&#8243; _module_preset=&#8221;default&#8221; transform_translate_linked=&#8221;off&#8221; width=&#8221;100%&#8221; custom_padding=&#8221;0px|0px|0px|0px|false|false&#8221; global_colors_info=&#8221;{}&#8221;][et_pb_column type=&#8221;4_4&#8243; _builder_version=&#8221;4.18.0&#8243; _module_preset=&#8221;default&#8221; global_colors_info=&#8221;{}&#8221;][et_pb_post_title meta=&#8221;off&#8221; featured_image=&#8221;off&#8221; _builder_version=&#8221;4.20.2&#8243; _module_preset=&#8221;default&#8221; title_font=&#8221;Vedo||||||||&#8221; title_text_color=&#8221;#FFFFFF&#8221; title_font_size=&#8221;4rem&#8221; transform_scale_tablet=&#8221;&#8221; transform_scale_phone=&#8221;&#8221; transform_scale_last_edited=&#8221;on|phone&#8221; transform_translate=&#8221;-6px|0px&#8221; transform_translate_tablet=&#8221;0px|0px&#8221; transform_translate_phone=&#8221;0px|0px&#8221; transform_translate_last_edited=&#8221;on|phone&#8221; transform_translate_linked=&#8221;off&#8221; transform_rotate_tablet=&#8221;&#8221; transform_rotate_phone=&#8221;&#8221; transform_rotate_last_edited=&#8221;on|phone&#8221; transform_skew_tablet=&#8221;&#8221; transform_skew_phone=&#8221;&#8221; transform_skew_last_edited=&#8221;on|phone&#8221; transform_origin_tablet=&#8221;&#8221; transform_origin_phone=&#8221;&#8221; transform_origin_last_edited=&#8221;on|phone&#8221; transform_styles_last_edited=&#8221;on|phone&#8221; custom_margin=&#8221;||0px||false|false&#8221; custom_padding=&#8221;||0px||false|false&#8221; hover_enabled=&#8221;0&#8243; title_font_size_tablet=&#8221;2.5rem&#8221; title_font_size_phone=&#8221;&#8221; title_font_size_last_edited=&#8221;on|tablet&#8221; transform_styles_tablet=&#8221;&#8221; transform_styles_phone=&#8221;&#8221; custom_css_post_title=&#8221;margin: 0;||padding: 0;&#8221; global_colors_info=&#8221;{}&#8221; sticky_enabled=&#8221;0&#8243;][\/et_pb_post_title][\/et_pb_column][\/et_pb_row][\/et_pb_section][et_pb_section fb_built=&#8221;1&#8243; module_class=&#8221;switch_order&#8221; _builder_version=&#8221;4.18.0&#8243; _module_preset=&#8221;default&#8221; custom_padding=&#8221;||||false|false&#8221; top_divider_style=&#8221;asymmetric&#8221; top_divider_color=&#8221;#003468&#8243; top_divider_height=&#8221;64px&#8221; top_divider_repeat=&#8221;1x&#8221; top_divider_flip=&#8221;horizontal&#8221; top_divider_arrangement=&#8221;above_content&#8221; top_divider_style_tablet=&#8221;slant&#8221; top_divider_style_phone=&#8221;slant&#8221; top_divider_style_last_edited=&#8221;off|desktop&#8221; top_divider_height_tablet=&#8221;40px&#8221; top_divider_height_phone=&#8221;40px&#8221; top_divider_height_last_edited=&#8221;on|desktop&#8221; bottom_divider_style=&#8221;asymmetric&#8221; bottom_divider_color=&#8221;#003468&#8243; bottom_divider_height=&#8221;64px&#8221; bottom_divider_flip=&#8221;horizontal&#8221; bottom_divider_arrangement=&#8221;above_content&#8221; bottom_divider_style_tablet=&#8221;slant&#8221; bottom_divider_style_phone=&#8221;slant&#8221; bottom_divider_style_last_edited=&#8221;on|tablet&#8221; bottom_divider_height_tablet=&#8221;40px&#8221; bottom_divider_height_phone=&#8221;40px&#8221; bottom_divider_height_last_edited=&#8221;on|desktop&#8221; global_colors_info=&#8221;{}&#8221;][et_pb_row column_structure=&#8221;1_2,1_2&#8243; use_custom_gutter=&#8221;on&#8221; gutter_width=&#8221;2&#8243; make_equal=&#8221;on&#8221; _builder_version=&#8221;4.18.0&#8243; _module_preset=&#8221;default&#8221; background_color=&#8221;#e8f2f9&#8243; width=&#8221;100%&#8221; max_width=&#8221;100%&#8221; custom_padding=&#8221;||||false|false&#8221; global_colors_info=&#8221;{}&#8221;][et_pb_column type=&#8221;1_2&#8243; _builder_version=&#8221;4.18.0&#8243; _module_preset=&#8221;default&#8221; custom_padding=&#8221;220px|30px|180px|30px|false|false&#8221; custom_padding_tablet=&#8221;120px|30px|60px||false|false&#8221; custom_padding_phone=&#8221;80px||30px|30px|false|false&#8221; custom_padding_last_edited=&#8221;on|desktop&#8221; custom_css_main_element=&#8221;max-width: 715px;||margin-left: auto;&#8221; global_colors_info=&#8221;{}&#8221;][et_pb_text _builder_version=&#8221;4.20.2&#8243; _module_preset=&#8221;default&#8221; header_2_line_height=&#8221;1.4em&#8221; custom_margin=&#8221;||1rem||false|false&#8221; custom_padding=&#8221;||0px||false|false&#8221; hover_enabled=&#8221;0&#8243; global_colors_info=&#8221;{}&#8221; sticky_enabled=&#8221;0&#8243;]<\/p>\n<h2><span>MCCOR OFFRE LA PORT\u00c9E NATIONALE REQUISE POUR SERVIR AU MIEUX LES INVESTISSEURS ET LES OCCUPANTS DE PREMIER PLAN, TOUT EN CONSERVANT L&#8217;EXPERTISE LOCALE POUR ACCOMMODER LES PETITES ENTREPRISES ET LES ENTREPRISES INDIVIDUELLES DE MANI\u00c8RE COMP\u00c9TITIVE.<\/span><\/h2>\n<p>[\/et_pb_text][et_pb_text _builder_version=&#8221;4.18.0&#8243; _module_preset=&#8221;default&#8221; global_colors_info=&#8221;{}&#8221;]<\/p>\n<p><span>Gr\u00e2ce \u00e0 sa structure de partenariat virtuellement int\u00e9gr\u00e9e, McCOR s&#8217;associe \u00e0 CCI Corpfin Capital pour acqu\u00e9rir, louer, g\u00e9rer et d\u00e9velopper des actifs immobiliers commerciaux au Canada. Nous croyons que les relations sont notre atout le plus important et nous nous alignons donc avec nos partenaires financiers en co-investissant aux c\u00f4t\u00e9s des institutions, des fonds de pension et des particuliers fortun\u00e9s qui nous confient leurs capitaux.<\/span><\/p>\n<p>Avec une capacit\u00e9 av\u00e9r\u00e9e \u00e0 cr\u00e9er et \u00e0 ex\u00e9cuter des strat\u00e9gies de repositionnement, ax\u00e9es sur la viabilit\u00e9 \u00e0 long terme et la finalit\u00e9 de chaque actif au sein de leurs march\u00e9s respectifs, Corpfin Capital fournit des r\u00e9sultats sup\u00e9rieurs gr\u00e2ce \u00e0 une plateforme int\u00e9gr\u00e9e et flexible d&#8217;investissement et de gestion de l&#8217;immobilier commercial.<\/p>\n<p>Pour en savoir plus sur nos services d&#8217;investissement, veuillez consulter nos partenaires \u00e0 l&#8217;adresse suivante :<\/p>\n<p>[\/et_pb_text][et_pb_image src=&#8221;https:\/\/mccor.ca\/wp-content\/uploads\/2022\/10\/CCIlogo-01.png&#8221; alt=&#8221;Corpfin Capital Inc.&#8221; url=&#8221;https:\/\/www.corpfincapital.ca\/&#8221; url_new_window=&#8221;on&#8221; _builder_version=&#8221;4.18.0&#8243; _module_preset=&#8221;default&#8221; max_width=&#8221;220px&#8221; custom_margin=&#8221;40px||||false|false&#8221; global_colors_info=&#8221;{}&#8221;][\/et_pb_image][\/et_pb_column][et_pb_column type=&#8221;1_2&#8243; _builder_version=&#8221;4.18.0&#8243; _module_preset=&#8221;default&#8221; background_image=&#8221;https:\/\/mccor.ca\/wp-content\/uploads\/2022\/10\/investment_management.webp&#8221; global_colors_info=&#8221;{}&#8221;][et_pb_divider show_divider=&#8221;off&#8221; _builder_version=&#8221;4.18.0&#8243; _module_preset=&#8221;default&#8221; custom_padding=&#8221;120px||120px||false|false&#8221; global_colors_info=&#8221;{}&#8221;][\/et_pb_divider][\/et_pb_column][\/et_pb_row][\/et_pb_section]<\/p>\n","protected":false},"excerpt":{"rendered":"<p>MCCOR OFFRE LA PORT\u00c9E NATIONALE REQUISE POUR SERVIR AU MIEUX LES INVESTISSEURS ET LES OCCUPANTS DE PREMIER PLAN, TOUT EN CONSERVANT L&#8217;EXPERTISE LOCALE POUR ACCOMMODER LES PETITES ENTREPRISES ET LES ENTREPRISES INDIVIDUELLES DE MANI\u00c8RE COMP\u00c9TITIVE.Gr\u00e2ce \u00e0 sa structure de partenariat virtuellement int\u00e9gr\u00e9e, McCOR s&#8217;associe \u00e0 CCI Corpfin Capital pour acqu\u00e9rir, louer, g\u00e9rer et d\u00e9velopper des [&hellip;]<\/p>\n","protected":false},"author":1,"featured_media":0,"parent":0,"menu_order":0,"comment_status":"closed","ping_status":"closed","template":"","meta":{"_et_pb_use_builder":"on","_et_pb_old_content":"","_et_gb_content_width":"","_exactmetrics_skip_tracking":false,"_exactmetrics_sitenote_active":false,"_exactmetrics_sitenote_note":"","_exactmetrics_sitenote_category":0,"footnotes":""},"class_list":["post-3717","page","type-page","status-publish","hentry"],"yoast_head":"<!-- This site is optimized with the Yoast SEO plugin v27.4 - https:\/\/yoast.com\/product\/yoast-seo-wordpress\/ -->\n<title>GESTION DES INVESTISSEMENTS - McCor<\/title>\n<meta name=\"robots\" content=\"index, follow, max-snippet:-1, max-image-preview:large, max-video-preview:-1\" \/>\n<link rel=\"canonical\" href=\"https:\/\/mccor.ca\/fr\/gestion-des-investissements\/\" \/>\n<meta property=\"og:locale\" content=\"fr_FR\" \/>\n<meta property=\"og:type\" content=\"article\" \/>\n<meta property=\"og:title\" content=\"GESTION DES INVESTISSEMENTS - McCor\" \/>\n<meta property=\"og:description\" content=\"MCCOR OFFRE LA PORT\u00c9E NATIONALE REQUISE POUR SERVIR AU MIEUX LES INVESTISSEURS ET LES OCCUPANTS DE PREMIER PLAN, TOUT EN CONSERVANT L&#039;EXPERTISE LOCALE POUR ACCOMMODER LES PETITES ENTREPRISES ET LES ENTREPRISES INDIVIDUELLES DE MANI\u00c8RE COMP\u00c9TITIVE.Gr\u00e2ce \u00e0 sa structure de partenariat virtuellement int\u00e9gr\u00e9e, McCOR s&#039;associe \u00e0 CCI Corpfin Capital pour acqu\u00e9rir, louer, g\u00e9rer et d\u00e9velopper des [&hellip;]\" \/>\n<meta property=\"og:url\" content=\"https:\/\/mccor.ca\/fr\/gestion-des-investissements\/\" \/>\n<meta property=\"og:site_name\" content=\"McCor\" \/>\n<meta property=\"article:publisher\" content=\"https:\/\/www.facebook.com\/mccormanagement\/\" \/>\n<meta property=\"article:modified_time\" content=\"2023-08-24T15:01:59+00:00\" \/>\n<meta name=\"twitter:card\" content=\"summary_large_image\" \/>\n<meta name=\"twitter:site\" content=\"@MccorMgmt\" \/>\n<meta name=\"twitter:label1\" content=\"Dur\u00e9e de lecture estim\u00e9e\" \/>\n\t<meta name=\"twitter:data1\" content=\"4 minutes\" \/>\n<script type=\"application\/ld+json\" class=\"yoast-schema-graph\">{\"@context\":\"https:\\\/\\\/schema.org\",\"@graph\":[{\"@type\":\"WebPage\",\"@id\":\"https:\\\/\\\/mccor.ca\\\/fr\\\/gestion-des-investissements\\\/\",\"url\":\"https:\\\/\\\/mccor.ca\\\/fr\\\/gestion-des-investissements\\\/\",\"name\":\"GESTION DES INVESTISSEMENTS - McCor\",\"isPartOf\":{\"@id\":\"https:\\\/\\\/mccor.ca\\\/fr\\\/#website\"},\"datePublished\":\"2022-08-05T20:16:00+00:00\",\"dateModified\":\"2023-08-24T15:01:59+00:00\",\"breadcrumb\":{\"@id\":\"https:\\\/\\\/mccor.ca\\\/fr\\\/gestion-des-investissements\\\/#breadcrumb\"},\"inLanguage\":\"fr-FR\",\"potentialAction\":[{\"@type\":\"ReadAction\",\"target\":[\"https:\\\/\\\/mccor.ca\\\/fr\\\/gestion-des-investissements\\\/\"]}]},{\"@type\":\"BreadcrumbList\",\"@id\":\"https:\\\/\\\/mccor.ca\\\/fr\\\/gestion-des-investissements\\\/#breadcrumb\",\"itemListElement\":[{\"@type\":\"ListItem\",\"position\":1,\"name\":\"Home\",\"item\":\"https:\\\/\\\/mccor.ca\\\/fr\\\/mccor-une-societe-leader-dans-limmobilier-et-la-gestion-immobiliere-au-canada\\\/\"},{\"@type\":\"ListItem\",\"position\":2,\"name\":\"GESTION DES INVESTISSEMENTS\"}]},{\"@type\":\"WebSite\",\"@id\":\"https:\\\/\\\/mccor.ca\\\/fr\\\/#website\",\"url\":\"https:\\\/\\\/mccor.ca\\\/fr\\\/\",\"name\":\"McCOR Management\",\"description\":\"A Leading Real Estate &amp; Property Management Company Canada\",\"publisher\":{\"@id\":\"https:\\\/\\\/mccor.ca\\\/fr\\\/#organization\"},\"potentialAction\":[{\"@type\":\"SearchAction\",\"target\":{\"@type\":\"EntryPoint\",\"urlTemplate\":\"https:\\\/\\\/mccor.ca\\\/fr\\\/?s={search_term_string}\"},\"query-input\":{\"@type\":\"PropertyValueSpecification\",\"valueRequired\":true,\"valueName\":\"search_term_string\"}}],\"inLanguage\":\"fr-FR\"},{\"@type\":\"Organization\",\"@id\":\"https:\\\/\\\/mccor.ca\\\/fr\\\/#organization\",\"name\":\"McCOR Management\",\"url\":\"https:\\\/\\\/mccor.ca\\\/fr\\\/\",\"logo\":{\"@type\":\"ImageObject\",\"inLanguage\":\"fr-FR\",\"@id\":\"https:\\\/\\\/mccor.ca\\\/fr\\\/#\\\/schema\\\/logo\\\/image\\\/\",\"url\":\"https:\\\/\\\/mccor.ca\\\/wp-content\\\/uploads\\\/2022\\\/08\\\/favicon.png\",\"contentUrl\":\"https:\\\/\\\/mccor.ca\\\/wp-content\\\/uploads\\\/2022\\\/08\\\/favicon.png\",\"width\":500,\"height\":500,\"caption\":\"McCOR Management\"},\"image\":{\"@id\":\"https:\\\/\\\/mccor.ca\\\/fr\\\/#\\\/schema\\\/logo\\\/image\\\/\"},\"sameAs\":[\"https:\\\/\\\/www.facebook.com\\\/mccormanagement\\\/\",\"https:\\\/\\\/x.com\\\/MccorMgmt\",\"https:\\\/\\\/www.linkedin.com\\\/company\\\/mccor-management\\\/\"]}]}<\/script>\n<!-- \/ Yoast SEO plugin. -->","yoast_head_json":{"title":"GESTION DES INVESTISSEMENTS - McCor","robots":{"index":"index","follow":"follow","max-snippet":"max-snippet:-1","max-image-preview":"max-image-preview:large","max-video-preview":"max-video-preview:-1"},"canonical":"https:\/\/mccor.ca\/fr\/gestion-des-investissements\/","og_locale":"fr_FR","og_type":"article","og_title":"GESTION DES INVESTISSEMENTS - McCor","og_description":"MCCOR OFFRE LA PORT\u00c9E NATIONALE REQUISE POUR SERVIR AU MIEUX LES INVESTISSEURS ET LES OCCUPANTS DE PREMIER PLAN, TOUT EN CONSERVANT L'EXPERTISE LOCALE POUR ACCOMMODER LES PETITES ENTREPRISES ET LES ENTREPRISES INDIVIDUELLES DE MANI\u00c8RE COMP\u00c9TITIVE.Gr\u00e2ce \u00e0 sa structure de partenariat virtuellement int\u00e9gr\u00e9e, McCOR s'associe \u00e0 CCI Corpfin Capital pour acqu\u00e9rir, louer, g\u00e9rer et d\u00e9velopper des [&hellip;]","og_url":"https:\/\/mccor.ca\/fr\/gestion-des-investissements\/","og_site_name":"McCor","article_publisher":"https:\/\/www.facebook.com\/mccormanagement\/","article_modified_time":"2023-08-24T15:01:59+00:00","twitter_card":"summary_large_image","twitter_site":"@MccorMgmt","twitter_misc":{"Dur\u00e9e de lecture estim\u00e9e":"4 minutes"},"schema":{"@context":"https:\/\/schema.org","@graph":[{"@type":"WebPage","@id":"https:\/\/mccor.ca\/fr\/gestion-des-investissements\/","url":"https:\/\/mccor.ca\/fr\/gestion-des-investissements\/","name":"GESTION DES INVESTISSEMENTS - McCor","isPartOf":{"@id":"https:\/\/mccor.ca\/fr\/#website"},"datePublished":"2022-08-05T20:16:00+00:00","dateModified":"2023-08-24T15:01:59+00:00","breadcrumb":{"@id":"https:\/\/mccor.ca\/fr\/gestion-des-investissements\/#breadcrumb"},"inLanguage":"fr-FR","potentialAction":[{"@type":"ReadAction","target":["https:\/\/mccor.ca\/fr\/gestion-des-investissements\/"]}]},{"@type":"BreadcrumbList","@id":"https:\/\/mccor.ca\/fr\/gestion-des-investissements\/#breadcrumb","itemListElement":[{"@type":"ListItem","position":1,"name":"Home","item":"https:\/\/mccor.ca\/fr\/mccor-une-societe-leader-dans-limmobilier-et-la-gestion-immobiliere-au-canada\/"},{"@type":"ListItem","position":2,"name":"GESTION DES INVESTISSEMENTS"}]},{"@type":"WebSite","@id":"https:\/\/mccor.ca\/fr\/#website","url":"https:\/\/mccor.ca\/fr\/","name":"McCOR Management","description":"A Leading Real Estate &amp; Property Management Company Canada","publisher":{"@id":"https:\/\/mccor.ca\/fr\/#organization"},"potentialAction":[{"@type":"SearchAction","target":{"@type":"EntryPoint","urlTemplate":"https:\/\/mccor.ca\/fr\/?s={search_term_string}"},"query-input":{"@type":"PropertyValueSpecification","valueRequired":true,"valueName":"search_term_string"}}],"inLanguage":"fr-FR"},{"@type":"Organization","@id":"https:\/\/mccor.ca\/fr\/#organization","name":"McCOR Management","url":"https:\/\/mccor.ca\/fr\/","logo":{"@type":"ImageObject","inLanguage":"fr-FR","@id":"https:\/\/mccor.ca\/fr\/#\/schema\/logo\/image\/","url":"https:\/\/mccor.ca\/wp-content\/uploads\/2022\/08\/favicon.png","contentUrl":"https:\/\/mccor.ca\/wp-content\/uploads\/2022\/08\/favicon.png","width":500,"height":500,"caption":"McCOR Management"},"image":{"@id":"https:\/\/mccor.ca\/fr\/#\/schema\/logo\/image\/"},"sameAs":["https:\/\/www.facebook.com\/mccormanagement\/","https:\/\/x.com\/MccorMgmt","https:\/\/www.linkedin.com\/company\/mccor-management\/"]}]}},"_links":{"self":[{"href":"https:\/\/mccor.ca\/fr\/wp-json\/wp\/v2\/pages\/3717","targetHints":{"allow":["GET"]}}],"collection":[{"href":"https:\/\/mccor.ca\/fr\/wp-json\/wp\/v2\/pages"}],"about":[{"href":"https:\/\/mccor.ca\/fr\/wp-json\/wp\/v2\/types\/page"}],"author":[{"embeddable":true,"href":"https:\/\/mccor.ca\/fr\/wp-json\/wp\/v2\/users\/1"}],"replies":[{"embeddable":true,"href":"https:\/\/mccor.ca\/fr\/wp-json\/wp\/v2\/comments?post=3717"}],"version-history":[{"count":5,"href":"https:\/\/mccor.ca\/fr\/wp-json\/wp\/v2\/pages\/3717\/revisions"}],"predecessor-version":[{"id":3722,"href":"https:\/\/mccor.ca\/fr\/wp-json\/wp\/v2\/pages\/3717\/revisions\/3722"}],"wp:attachment":[{"href":"https:\/\/mccor.ca\/fr\/wp-json\/wp\/v2\/media?parent=3717"}],"curies":[{"name":"wp","href":"https:\/\/api.w.org\/{rel}","templated":true}]}}