{"id":3713,"date":"2022-08-03T22:16:08","date_gmt":"2022-08-03T22:16:08","guid":{"rendered":"https:\/\/mccor.ca\/gestion-immobiliere-commerciale\/"},"modified":"2023-08-24T14:41:24","modified_gmt":"2023-08-24T14:41:24","slug":"gestion-immobiliere-commerciale","status":"publish","type":"page","link":"https:\/\/mccor.ca\/fr\/gestion-immobiliere-commerciale\/","title":{"rendered":"Gestion immobili\u00e8re commerciale"},"content":{"rendered":"<p>[et_pb_section fb_built=&#8221;1&#8243; custom_padding_last_edited=&#8221;on|phone&#8221; _builder_version=&#8221;4.17.6&#8243; _module_preset=&#8221;default&#8221; background_color=&#8221;#003468&#8243; background_enable_image=&#8221;off&#8221; custom_padding=&#8221;60px|30px|0px|30px|false|false&#8221; custom_padding_tablet=&#8221;30px|30px|0px|30px|false|false&#8221; custom_padding_phone=&#8221;30px|30px|0px|30px|false|false&#8221; bottom_divider_repeat=&#8221;1x&#8221; bottom_divider_flip=&#8221;horizontal&#8221; bottom_divider_arrangement=&#8221;above_content&#8221; bottom_divider_height_tablet=&#8221;70px&#8221; bottom_divider_height_phone=&#8221;30px&#8221; bottom_divider_height_last_edited=&#8221;on|phone&#8221; global_colors_info=&#8221;{}&#8221;][et_pb_row use_custom_gutter=&#8221;on&#8221; make_equal=&#8221;on&#8221; _builder_version=&#8221;4.17.6&#8243; _module_preset=&#8221;default&#8221; global_colors_info=&#8221;{}&#8221;][et_pb_column type=&#8221;4_4&#8243; _builder_version=&#8221;4.17.6&#8243; _module_preset=&#8221;default&#8221; global_colors_info=&#8221;{}&#8221;][et_pb_text _builder_version=&#8221;4.20.2&#8243; _module_preset=&#8221;cf1c099a-ba84-4b53-b79f-21b214045fe7&#8243; max_width=&#8221;900px&#8221; global_colors_info=&#8221;{}&#8221;]<\/p>\n<h1>GESTION IMMOBILI\u00c8RE COMMERCIALE<\/h1>\n<p>[\/et_pb_text][\/et_pb_column][\/et_pb_row][\/et_pb_section][et_pb_section fb_built=&#8221;1&#8243; make_equal=&#8221;on&#8221; use_custom_gutter=&#8221;on&#8221; specialty=&#8221;on&#8221; custom_padding_last_edited=&#8221;on|phone&#8221; bg_img_2=&#8221;https:\/\/mccor.ca\/wp-content\/uploads\/2022\/08\/commercial-property-management.jpg&#8221; background_position_2=&#8221;center_right&#8221; padding_top_1=&#8221;180px&#8221; padding_top_2=&#8221;0px&#8221; padding_right_1=&#8221;0px&#8221; padding_right_2=&#8221;0px&#8221; padding_bottom_1=&#8221;0px&#8221; padding_bottom_2=&#8221;0px&#8221; padding_left_1=&#8221;0px&#8221; padding_left_2=&#8221;0px&#8221; padding_top_bottom_link_1=&#8221;false&#8221; padding_top_bottom_link_2=&#8221;false&#8221; padding_left_right_link_1=&#8221;false&#8221; padding_left_right_link_2=&#8221;false&#8221; padding_1_tablet=&#8221;130px|30px|0px|0px|false|false&#8221; padding_1_phone=&#8221;60px|30px||0px|false|false&#8221; padding_1_last_edited=&#8221;on|phone&#8221; _builder_version=&#8221;4.17.6&#8243; _module_preset=&#8221;default&#8221; background_color=&#8221;#E8F2F9&#8243; inner_width=&#8221;100%&#8221; inner_max_width=&#8221;100%&#8221; custom_padding=&#8221;0px|0px|0px|30px|false|false&#8221; custom_padding_tablet=&#8221;|0px|||false|false&#8221; custom_padding_phone=&#8221;|0px||30px|false|false&#8221; top_divider_style=&#8221;asymmetric2&#8243; top_divider_color=&#8221;#003468&#8243; top_divider_flip=&#8221;horizontal&#8221; top_divider_arrangement=&#8221;above_content&#8221; top_divider_height_tablet=&#8221;70px&#8221; top_divider_height_phone=&#8221;30px&#8221; top_divider_height_last_edited=&#8221;on|tablet&#8221; global_colors_info=&#8221;{}&#8221;][et_pb_column type=&#8221;1_2&#8243; specialty_columns=&#8221;2&#8243; _builder_version=&#8221;4.16&#8243; custom_padding=&#8221;|||&#8221; global_colors_info=&#8221;{}&#8221; custom_padding__hover=&#8221;|||&#8221;][et_pb_row_inner _builder_version=&#8221;4.17.6&#8243; _module_preset=&#8221;default&#8221; width=&#8221;100%&#8221; max_width=&#8221;680px&#8221; module_alignment=&#8221;right&#8221; custom_padding=&#8221;0px||60px||false|false&#8221; module_alignment_tablet=&#8221;left&#8221; module_alignment_phone=&#8221;left&#8221; module_alignment_last_edited=&#8221;on|tablet&#8221; global_colors_info=&#8221;{}&#8221;][et_pb_column_inner saved_specialty_column_type=&#8221;1_2&#8243; _builder_version=&#8221;4.17.4&#8243; _module_preset=&#8221;default&#8221; global_colors_info=&#8221;{}&#8221;][et_pb_text admin_label=&#8221;OUR APPROACH&#8221; _builder_version=&#8221;4.17.6&#8243; _module_preset=&#8221;default&#8221; text_text_color=&#8221;#232323&#8243; header_2_text_color=&#8221;#003468&#8243; header_2_font_size=&#8221;34px&#8221; custom_margin=&#8221;||0px||false|false&#8221; animation_direction=&#8221;left&#8221; global_colors_info=&#8221;{}&#8221;]<\/p>\n<h2>CR\u00c9ER DE LA VALEUR EN COMMEN\u00c7ANT PAR LA BASE<\/h2>\n<p>Au c\u0153ur de l&#8217;approche de McCOR Management, qui consiste \u00e0 cr\u00e9er de la valeur dans le cadre de chaque projet de construction de bureaux ou d&#8217;immeubles industriels, se trouve la compr\u00e9hension du fait que tous les d\u00e9veloppements sont accompagn\u00e9s de leur propre ensemble de forces et de caract\u00e9ristiques uniques. Les solutions toutes faites ne s&#8217;appliquent tout simplement pas et nous nous effor\u00e7ons de produire des r\u00e9sultats sur mesure pour tous nos clients, en nous appuyant sur une compr\u00e9hension approfondie de toutes les facettes d&#8217;un b\u00e2timent et de son environnement.<\/p>\n<p>[\/et_pb_text][\/et_pb_column_inner][\/et_pb_row_inner][et_pb_row_inner _builder_version=&#8221;4.17.6&#8243; _module_preset=&#8221;default&#8221; width=&#8221;100%&#8221; max_width=&#8221;680px&#8221; module_alignment=&#8221;right&#8221; custom_padding=&#8221;0px||60px||false|false&#8221; module_alignment_tablet=&#8221;left&#8221; module_alignment_phone=&#8221;left&#8221; module_alignment_last_edited=&#8221;on|tablet&#8221; global_colors_info=&#8221;{}&#8221;][et_pb_column_inner saved_specialty_column_type=&#8221;1_2&#8243; _builder_version=&#8221;4.17.4&#8243; _module_preset=&#8221;default&#8221; global_colors_info=&#8221;{}&#8221;][et_pb_text admin_label=&#8221;OUR APPROACH&#8221; _builder_version=&#8221;4.17.6&#8243; _module_preset=&#8221;default&#8221; text_text_color=&#8221;#232323&#8243; header_2_text_color=&#8221;#003468&#8243; header_2_font_size=&#8221;34px&#8221; custom_margin=&#8221;||0px||false|false&#8221; animation_direction=&#8221;left&#8221; global_colors_info=&#8221;{}&#8221;]<\/p>\n<h2>EXPERTISE EN MATI\u00c8RE DE BUREAUX ET DE LOCAUX INDUSTRIELS<\/h2>\n<p>Nous faisons nos devoirs &#8211; conditions du march\u00e9 local, tendances actuelles du secteur, donn\u00e9es d\u00e9mographiques ou l\u00e9gislation environnementale &#8211; afin de garantir que les recommandations et les strat\u00e9gies que nous mettons en \u0153uvre sont d\u00e9cisives et inform\u00e9es. En nous concentrant sp\u00e9cifiquement sur les objectifs financiers du client, nous identifions les caract\u00e9ristiques de vente uniques, puis nous d\u00e9terminons le locataire id\u00e9al pour nous assurer que nous adoptons les bonnes techniques pour l&#8217;attirer, le s\u00e9curiser et le conserver.<\/p>\n<p>[\/et_pb_text][\/et_pb_column_inner][\/et_pb_row_inner][et_pb_row_inner _builder_version=&#8221;4.17.6&#8243; _module_preset=&#8221;default&#8221; width=&#8221;100%&#8221; max_width=&#8221;680px&#8221; module_alignment=&#8221;right&#8221; custom_padding=&#8221;0px||60px||false|false&#8221; module_alignment_tablet=&#8221;left&#8221; module_alignment_phone=&#8221;left&#8221; module_alignment_last_edited=&#8221;on|tablet&#8221; global_colors_info=&#8221;{}&#8221;][et_pb_column_inner saved_specialty_column_type=&#8221;1_2&#8243; _builder_version=&#8221;4.17.4&#8243; _module_preset=&#8221;default&#8221; global_colors_info=&#8221;{}&#8221;][et_pb_text admin_label=&#8221;OUR APPROACH&#8221; _builder_version=&#8221;4.17.6&#8243; _module_preset=&#8221;default&#8221; text_text_color=&#8221;#232323&#8243; header_2_text_color=&#8221;#003468&#8243; header_2_font_size=&#8221;34px&#8221; custom_margin=&#8221;||0px||false|false&#8221; animation_direction=&#8221;left&#8221; global_colors_info=&#8221;{}&#8221;]<\/p>\n<h2>B\u00c2TIR DES RELATIONS<\/h2>\n<p>Nous pensons que les relations \u00e0 long terme, mutuellement b\u00e9n\u00e9fiques, se fondent sur l&#8217;excellence du service. Un service collaboratif et int\u00e9gr\u00e9 qui garantit la coh\u00e9rence et l&#8217;efficacit\u00e9 d\u00e8s le d\u00e9part. Nous adoptons une approche proactive en ce qui concerne l&#8217;entretien des biens immobiliers permettant d&#8217;obtenir un niveau \u00e9lev\u00e9 de satisfaction de la part des locataires. Nous veillons \u00e0 ce que les op\u00e9rations de nos clients se d\u00e9roulent efficacement et sans probl\u00e8mes, ce qui entra\u00eene l&#8217;optimisation des profits et l&#8217;augmentation de la valeur.<\/p>\n<p>[\/et_pb_text][\/et_pb_column_inner][\/et_pb_row_inner][et_pb_row_inner _builder_version=&#8221;4.17.6&#8243; _module_preset=&#8221;default&#8221; width=&#8221;100%&#8221; max_width=&#8221;680px&#8221; module_alignment=&#8221;right&#8221; custom_padding=&#8221;0px||60px||false|false&#8221; module_alignment_tablet=&#8221;left&#8221; module_alignment_phone=&#8221;left&#8221; module_alignment_last_edited=&#8221;on|tablet&#8221; global_colors_info=&#8221;{}&#8221;][et_pb_column_inner saved_specialty_column_type=&#8221;1_2&#8243; _builder_version=&#8221;4.17.4&#8243; _module_preset=&#8221;default&#8221; global_colors_info=&#8221;{}&#8221;][et_pb_text admin_label=&#8221;OUR APPROACH&#8221; _builder_version=&#8221;4.17.6&#8243; _module_preset=&#8221;default&#8221; text_text_color=&#8221;#232323&#8243; header_2_text_color=&#8221;#003468&#8243; header_2_font_size=&#8221;34px&#8221; custom_margin=&#8221;||0px||false|false&#8221; animation_direction=&#8221;left&#8221; global_colors_info=&#8221;{}&#8221;]<\/p>\n<h2>EXP\u00c9RIENCE EN CONSTRUCTION<\/h2>\n<p>Gr\u00e2ce \u00e0 notre vaste exp\u00e9rience accumul\u00e9e dans le cadre de projets commerciaux de tailles et de complexit\u00e9s diverses, nous nous adaptons et comprenons les subtilit\u00e9s li\u00e9es \u00e0 tous les types de projets, des tours de bureaux aux d\u00e9veloppements \u00e0 usage mixte. Qu&#8217;il s&#8217;agisse de conseils sur l&#8217;acquisition du terrain et la planification du site ou de la gestion des installations et de l&#8217;entretien courant, l&#8217;approche int\u00e9gr\u00e9e de McCOR Management vous aide \u00e0 maximiser vos revenus tout en g\u00e9rant vos d\u00e9penses.<\/p>\n<p>[\/et_pb_text][\/et_pb_column_inner][\/et_pb_row_inner][\/et_pb_column][et_pb_column type=&#8221;1_2&#8243; _builder_version=&#8221;4.16&#8243; custom_padding=&#8221;|||&#8221; global_colors_info=&#8221;{}&#8221; custom_padding__hover=&#8221;|||&#8221;][et_pb_divider show_divider=&#8221;off&#8221; _builder_version=&#8221;4.17.6&#8243; _module_preset=&#8221;default&#8221; custom_padding=&#8221;200px||200px||false|false&#8221; global_colors_info=&#8221;{}&#8221;][\/et_pb_divider][\/et_pb_column][\/et_pb_section]<\/p>\n","protected":false},"excerpt":{"rendered":"<p>GESTION IMMOBILI\u00c8RE COMMERCIALECR\u00c9ER DE LA VALEUR EN COMMEN\u00c7ANT PAR LA BASE Au c\u0153ur de l&#8217;approche de McCOR Management, qui consiste \u00e0 cr\u00e9er de la valeur dans le cadre de chaque projet de construction de bureaux ou d&#8217;immeubles industriels, se trouve la compr\u00e9hension du fait que tous les d\u00e9veloppements sont accompagn\u00e9s de leur propre ensemble de [&hellip;]<\/p>\n","protected":false},"author":1,"featured_media":0,"parent":0,"menu_order":0,"comment_status":"closed","ping_status":"closed","template":"","meta":{"_et_pb_use_builder":"on","_et_pb_old_content":"","_et_gb_content_width":"","_exactmetrics_skip_tracking":false,"_exactmetrics_sitenote_active":false,"_exactmetrics_sitenote_note":"","_exactmetrics_sitenote_category":0,"footnotes":""},"class_list":["post-3713","page","type-page","status-publish","hentry"],"yoast_head":"<!-- This site is optimized with the Yoast SEO plugin v27.4 - https:\/\/yoast.com\/product\/yoast-seo-wordpress\/ -->\n<title>Gestion immobili\u00e8re commerciale - McCor<\/title>\n<meta name=\"robots\" content=\"index, follow, max-snippet:-1, max-image-preview:large, max-video-preview:-1\" \/>\n<link rel=\"canonical\" href=\"https:\/\/mccor.ca\/fr\/gestion-immobiliere-commerciale\/\" \/>\n<meta property=\"og:locale\" content=\"fr_FR\" \/>\n<meta property=\"og:type\" content=\"article\" \/>\n<meta property=\"og:title\" content=\"Gestion immobili\u00e8re commerciale - McCor\" \/>\n<meta property=\"og:description\" content=\"GESTION IMMOBILI\u00c8RE COMMERCIALECR\u00c9ER DE LA VALEUR EN COMMEN\u00c7ANT PAR LA BASE Au c\u0153ur de l&#039;approche de McCOR Management, qui consiste \u00e0 cr\u00e9er de la valeur dans le cadre de chaque projet de construction de bureaux ou d&#039;immeubles industriels, se trouve la compr\u00e9hension du fait que tous les d\u00e9veloppements sont accompagn\u00e9s de leur propre ensemble de [&hellip;]\" \/>\n<meta property=\"og:url\" content=\"https:\/\/mccor.ca\/fr\/gestion-immobiliere-commerciale\/\" \/>\n<meta property=\"og:site_name\" content=\"McCor\" \/>\n<meta property=\"article:publisher\" content=\"https:\/\/www.facebook.com\/mccormanagement\/\" \/>\n<meta property=\"article:modified_time\" content=\"2023-08-24T14:41:24+00:00\" \/>\n<meta name=\"twitter:card\" content=\"summary_large_image\" \/>\n<meta name=\"twitter:site\" content=\"@MccorMgmt\" \/>\n<meta name=\"twitter:label1\" content=\"Dur\u00e9e de lecture estim\u00e9e\" \/>\n\t<meta name=\"twitter:data1\" content=\"6 minutes\" \/>\n<script type=\"application\/ld+json\" class=\"yoast-schema-graph\">{\"@context\":\"https:\\\/\\\/schema.org\",\"@graph\":[{\"@type\":\"WebPage\",\"@id\":\"https:\\\/\\\/mccor.ca\\\/fr\\\/gestion-immobiliere-commerciale\\\/\",\"url\":\"https:\\\/\\\/mccor.ca\\\/fr\\\/gestion-immobiliere-commerciale\\\/\",\"name\":\"Gestion immobili\u00e8re commerciale - McCor\",\"isPartOf\":{\"@id\":\"https:\\\/\\\/mccor.ca\\\/fr\\\/#website\"},\"datePublished\":\"2022-08-03T22:16:08+00:00\",\"dateModified\":\"2023-08-24T14:41:24+00:00\",\"breadcrumb\":{\"@id\":\"https:\\\/\\\/mccor.ca\\\/fr\\\/gestion-immobiliere-commerciale\\\/#breadcrumb\"},\"inLanguage\":\"fr-FR\",\"potentialAction\":[{\"@type\":\"ReadAction\",\"target\":[\"https:\\\/\\\/mccor.ca\\\/fr\\\/gestion-immobiliere-commerciale\\\/\"]}]},{\"@type\":\"BreadcrumbList\",\"@id\":\"https:\\\/\\\/mccor.ca\\\/fr\\\/gestion-immobiliere-commerciale\\\/#breadcrumb\",\"itemListElement\":[{\"@type\":\"ListItem\",\"position\":1,\"name\":\"Home\",\"item\":\"https:\\\/\\\/mccor.ca\\\/fr\\\/mccor-une-societe-leader-dans-limmobilier-et-la-gestion-immobiliere-au-canada\\\/\"},{\"@type\":\"ListItem\",\"position\":2,\"name\":\"Gestion immobili\u00e8re commerciale\"}]},{\"@type\":\"WebSite\",\"@id\":\"https:\\\/\\\/mccor.ca\\\/fr\\\/#website\",\"url\":\"https:\\\/\\\/mccor.ca\\\/fr\\\/\",\"name\":\"McCOR Management\",\"description\":\"A Leading Real Estate &amp; Property Management Company Canada\",\"publisher\":{\"@id\":\"https:\\\/\\\/mccor.ca\\\/fr\\\/#organization\"},\"potentialAction\":[{\"@type\":\"SearchAction\",\"target\":{\"@type\":\"EntryPoint\",\"urlTemplate\":\"https:\\\/\\\/mccor.ca\\\/fr\\\/?s={search_term_string}\"},\"query-input\":{\"@type\":\"PropertyValueSpecification\",\"valueRequired\":true,\"valueName\":\"search_term_string\"}}],\"inLanguage\":\"fr-FR\"},{\"@type\":\"Organization\",\"@id\":\"https:\\\/\\\/mccor.ca\\\/fr\\\/#organization\",\"name\":\"McCOR Management\",\"url\":\"https:\\\/\\\/mccor.ca\\\/fr\\\/\",\"logo\":{\"@type\":\"ImageObject\",\"inLanguage\":\"fr-FR\",\"@id\":\"https:\\\/\\\/mccor.ca\\\/fr\\\/#\\\/schema\\\/logo\\\/image\\\/\",\"url\":\"https:\\\/\\\/mccor.ca\\\/wp-content\\\/uploads\\\/2022\\\/08\\\/favicon.png\",\"contentUrl\":\"https:\\\/\\\/mccor.ca\\\/wp-content\\\/uploads\\\/2022\\\/08\\\/favicon.png\",\"width\":500,\"height\":500,\"caption\":\"McCOR Management\"},\"image\":{\"@id\":\"https:\\\/\\\/mccor.ca\\\/fr\\\/#\\\/schema\\\/logo\\\/image\\\/\"},\"sameAs\":[\"https:\\\/\\\/www.facebook.com\\\/mccormanagement\\\/\",\"https:\\\/\\\/x.com\\\/MccorMgmt\",\"https:\\\/\\\/www.linkedin.com\\\/company\\\/mccor-management\\\/\"]}]}<\/script>\n<!-- \/ Yoast SEO plugin. -->","yoast_head_json":{"title":"Gestion immobili\u00e8re commerciale - McCor","robots":{"index":"index","follow":"follow","max-snippet":"max-snippet:-1","max-image-preview":"max-image-preview:large","max-video-preview":"max-video-preview:-1"},"canonical":"https:\/\/mccor.ca\/fr\/gestion-immobiliere-commerciale\/","og_locale":"fr_FR","og_type":"article","og_title":"Gestion immobili\u00e8re commerciale - McCor","og_description":"GESTION IMMOBILI\u00c8RE COMMERCIALECR\u00c9ER DE LA VALEUR EN COMMEN\u00c7ANT PAR LA BASE Au c\u0153ur de l'approche de McCOR Management, qui consiste \u00e0 cr\u00e9er de la valeur dans le cadre de chaque projet de construction de bureaux ou d'immeubles industriels, se trouve la compr\u00e9hension du fait que tous les d\u00e9veloppements sont accompagn\u00e9s de leur propre ensemble de [&hellip;]","og_url":"https:\/\/mccor.ca\/fr\/gestion-immobiliere-commerciale\/","og_site_name":"McCor","article_publisher":"https:\/\/www.facebook.com\/mccormanagement\/","article_modified_time":"2023-08-24T14:41:24+00:00","twitter_card":"summary_large_image","twitter_site":"@MccorMgmt","twitter_misc":{"Dur\u00e9e de lecture estim\u00e9e":"6 minutes"},"schema":{"@context":"https:\/\/schema.org","@graph":[{"@type":"WebPage","@id":"https:\/\/mccor.ca\/fr\/gestion-immobiliere-commerciale\/","url":"https:\/\/mccor.ca\/fr\/gestion-immobiliere-commerciale\/","name":"Gestion immobili\u00e8re commerciale - McCor","isPartOf":{"@id":"https:\/\/mccor.ca\/fr\/#website"},"datePublished":"2022-08-03T22:16:08+00:00","dateModified":"2023-08-24T14:41:24+00:00","breadcrumb":{"@id":"https:\/\/mccor.ca\/fr\/gestion-immobiliere-commerciale\/#breadcrumb"},"inLanguage":"fr-FR","potentialAction":[{"@type":"ReadAction","target":["https:\/\/mccor.ca\/fr\/gestion-immobiliere-commerciale\/"]}]},{"@type":"BreadcrumbList","@id":"https:\/\/mccor.ca\/fr\/gestion-immobiliere-commerciale\/#breadcrumb","itemListElement":[{"@type":"ListItem","position":1,"name":"Home","item":"https:\/\/mccor.ca\/fr\/mccor-une-societe-leader-dans-limmobilier-et-la-gestion-immobiliere-au-canada\/"},{"@type":"ListItem","position":2,"name":"Gestion immobili\u00e8re commerciale"}]},{"@type":"WebSite","@id":"https:\/\/mccor.ca\/fr\/#website","url":"https:\/\/mccor.ca\/fr\/","name":"McCOR Management","description":"A Leading Real Estate &amp; Property Management Company Canada","publisher":{"@id":"https:\/\/mccor.ca\/fr\/#organization"},"potentialAction":[{"@type":"SearchAction","target":{"@type":"EntryPoint","urlTemplate":"https:\/\/mccor.ca\/fr\/?s={search_term_string}"},"query-input":{"@type":"PropertyValueSpecification","valueRequired":true,"valueName":"search_term_string"}}],"inLanguage":"fr-FR"},{"@type":"Organization","@id":"https:\/\/mccor.ca\/fr\/#organization","name":"McCOR Management","url":"https:\/\/mccor.ca\/fr\/","logo":{"@type":"ImageObject","inLanguage":"fr-FR","@id":"https:\/\/mccor.ca\/fr\/#\/schema\/logo\/image\/","url":"https:\/\/mccor.ca\/wp-content\/uploads\/2022\/08\/favicon.png","contentUrl":"https:\/\/mccor.ca\/wp-content\/uploads\/2022\/08\/favicon.png","width":500,"height":500,"caption":"McCOR Management"},"image":{"@id":"https:\/\/mccor.ca\/fr\/#\/schema\/logo\/image\/"},"sameAs":["https:\/\/www.facebook.com\/mccormanagement\/","https:\/\/x.com\/MccorMgmt","https:\/\/www.linkedin.com\/company\/mccor-management\/"]}]}},"_links":{"self":[{"href":"https:\/\/mccor.ca\/fr\/wp-json\/wp\/v2\/pages\/3713","targetHints":{"allow":["GET"]}}],"collection":[{"href":"https:\/\/mccor.ca\/fr\/wp-json\/wp\/v2\/pages"}],"about":[{"href":"https:\/\/mccor.ca\/fr\/wp-json\/wp\/v2\/types\/page"}],"author":[{"embeddable":true,"href":"https:\/\/mccor.ca\/fr\/wp-json\/wp\/v2\/users\/1"}],"replies":[{"embeddable":true,"href":"https:\/\/mccor.ca\/fr\/wp-json\/wp\/v2\/comments?post=3713"}],"version-history":[{"count":2,"href":"https:\/\/mccor.ca\/fr\/wp-json\/wp\/v2\/pages\/3713\/revisions"}],"predecessor-version":[{"id":3715,"href":"https:\/\/mccor.ca\/fr\/wp-json\/wp\/v2\/pages\/3713\/revisions\/3715"}],"wp:attachment":[{"href":"https:\/\/mccor.ca\/fr\/wp-json\/wp\/v2\/media?parent=3713"}],"curies":[{"name":"wp","href":"https:\/\/api.w.org\/{rel}","templated":true}]}}