{"id":3710,"date":"2022-08-04T15:19:10","date_gmt":"2022-08-04T15:19:10","guid":{"rendered":"https:\/\/mccor.ca\/commerce-de-detail\/"},"modified":"2023-08-24T14:19:01","modified_gmt":"2023-08-24T14:19:01","slug":"commerce-de-detail","status":"publish","type":"page","link":"https:\/\/mccor.ca\/fr\/commerce-de-detail\/","title":{"rendered":"Commerce de d\u00e9tail"},"content":{"rendered":"<p>[et_pb_section fb_built=&#8221;1&#8243; custom_padding_last_edited=&#8221;on|phone&#8221; _builder_version=&#8221;4.17.6&#8243; _module_preset=&#8221;default&#8221; background_color=&#8221;#003468&#8243; background_enable_image=&#8221;off&#8221; custom_padding=&#8221;60px|30px|0px|30px|false|false&#8221; custom_padding_tablet=&#8221;30px|30px|0px|30px|false|false&#8221; custom_padding_phone=&#8221;30px|30px|0px|30px|false|false&#8221; bottom_divider_repeat=&#8221;1x&#8221; bottom_divider_flip=&#8221;horizontal&#8221; bottom_divider_arrangement=&#8221;above_content&#8221; bottom_divider_height_tablet=&#8221;70px&#8221; bottom_divider_height_phone=&#8221;30px&#8221; bottom_divider_height_last_edited=&#8221;off|tablet&#8221; global_colors_info=&#8221;{}&#8221;][et_pb_row use_custom_gutter=&#8221;on&#8221; make_equal=&#8221;on&#8221; _builder_version=&#8221;4.17.6&#8243; _module_preset=&#8221;default&#8221; width=&#8221;100%&#8221; global_colors_info=&#8221;{}&#8221;][et_pb_column type=&#8221;4_4&#8243; _builder_version=&#8221;4.17.6&#8243; _module_preset=&#8221;default&#8221; global_colors_info=&#8221;{}&#8221;][et_pb_text _builder_version=&#8221;4.17.6&#8243; _module_preset=&#8221;cf1c099a-ba84-4b53-b79f-21b214045fe7&#8243; max_width=&#8221;700px&#8221; global_colors_info=&#8221;{}&#8221;]<\/p>\n<h1>COMMERCE DE D\u00c9TAIL<\/h1>\n<p>[\/et_pb_text][\/et_pb_column][\/et_pb_row][\/et_pb_section][et_pb_section fb_built=&#8221;1&#8243; make_equal=&#8221;on&#8221; use_custom_gutter=&#8221;on&#8221; specialty=&#8221;on&#8221; custom_padding_last_edited=&#8221;on|phone&#8221; bg_img_2=&#8221;https:\/\/mccor.ca\/wp-content\/uploads\/2022\/08\/retail.jpg&#8221; background_position_2=&#8221;center_right&#8221; padding_top_1=&#8221;130px&#8221; padding_top_2=&#8221;0px&#8221; padding_right_1=&#8221;0px&#8221; padding_right_2=&#8221;0px&#8221; padding_bottom_1=&#8221;0px&#8221; padding_bottom_2=&#8221;0px&#8221; padding_left_1=&#8221;0px&#8221; padding_left_2=&#8221;0px&#8221; padding_top_bottom_link_1=&#8221;false&#8221; padding_top_bottom_link_2=&#8221;false&#8221; padding_left_right_link_1=&#8221;false&#8221; padding_left_right_link_2=&#8221;false&#8221; padding_1_tablet=&#8221;|30px||30px|false|false&#8221; padding_1_phone=&#8221;80px|30px|0px|30px|false|false&#8221; padding_1_last_edited=&#8221;on|desktop&#8221; _builder_version=&#8221;4.17.6&#8243; _module_preset=&#8221;default&#8221; background_color=&#8221;#E8F2F9&#8243; inner_width=&#8221;100%&#8221; inner_max_width=&#8221;100%&#8221; custom_padding=&#8221;0px|0px|0px|30px|false|false&#8221; custom_padding_tablet=&#8221;|0px||0px|false|false&#8221; custom_padding_phone=&#8221;0px|0px|0px||false|false&#8221; top_divider_style=&#8221;asymmetric2&#8243; top_divider_color=&#8221;#003468&#8243; top_divider_flip=&#8221;horizontal&#8221; top_divider_arrangement=&#8221;above_content&#8221; top_divider_height_tablet=&#8221;70px&#8221; top_divider_height_phone=&#8221;30px&#8221; top_divider_height_last_edited=&#8221;on|phone&#8221; global_colors_info=&#8221;{}&#8221;][et_pb_column type=&#8221;1_2&#8243; specialty_columns=&#8221;2&#8243; _builder_version=&#8221;4.16&#8243; custom_padding=&#8221;|||&#8221; global_colors_info=&#8221;{}&#8221; custom_padding__hover=&#8221;|||&#8221;][et_pb_row_inner _builder_version=&#8221;4.17.6&#8243; _module_preset=&#8221;default&#8221; width=&#8221;100%&#8221; max_width=&#8221;680px&#8221; module_alignment=&#8221;right&#8221; custom_padding=&#8221;0px||60px||false|false&#8221; module_alignment_tablet=&#8221;left&#8221; module_alignment_phone=&#8221;left&#8221; module_alignment_last_edited=&#8221;on|tablet&#8221; global_colors_info=&#8221;{}&#8221;][et_pb_column_inner saved_specialty_column_type=&#8221;1_2&#8243; _builder_version=&#8221;4.17.4&#8243; _module_preset=&#8221;default&#8221; global_colors_info=&#8221;{}&#8221;][et_pb_text admin_label=&#8221;OUR APPROACH&#8221; _builder_version=&#8221;4.17.6&#8243; _module_preset=&#8221;default&#8221; text_text_color=&#8221;#232323&#8243; header_2_text_color=&#8221;#003468&#8243; header_2_font_size=&#8221;34px&#8221; custom_margin=&#8221;||0px||false|false&#8221; animation_direction=&#8221;left&#8221; global_colors_info=&#8221;{}&#8221;]<\/p>\n<h2>CR\u00c9ER DE LA VALEUR \u00c0 TOUS LES NIVEAUX<\/h2>\n<p>McCOR Management cr\u00e9e des environnements de commerce de d\u00e9tail extraordinaires pour les investisseurs, les d\u00e9taillants, les acheteurs et les communaut\u00e9s. Nous y parvenons constamment en \u00e9tant \u00e0 l&#8217;avant-garde de l&#8217;\u00e9volution de la demande des consommateurs, des strat\u00e9gies des d\u00e9taillants et des tendances qui affectent le paysage commercial. Cela nous donne une expertise unique et nous permet de nous adapter rapidement aux d\u00e9fis particuliers de tout d\u00e9veloppement de commerce de d\u00e9tail, qu&#8217;il s&#8217;agisse de sites ayant la vue sur la rue ou de projets de centres commerciaux \u00e0 grande \u00e9chelle \u00e0 travers le Canada. Cette expertise s&#8217;appuie sur un puissant processus en dix \u00e9tapes qui nous permet ultimement d&#8217;attirer le bon locataire pour le bon espace et de garantir que les actifs de nos clients offrent un rendement optimal \u00e0 long terme.<\/p>\n<p>[\/et_pb_text][\/et_pb_column_inner][\/et_pb_row_inner][et_pb_row_inner _builder_version=&#8221;4.17.6&#8243; _module_preset=&#8221;default&#8221; width=&#8221;100%&#8221; max_width=&#8221;680px&#8221; module_alignment=&#8221;right&#8221; custom_padding=&#8221;0px||60px||false|false&#8221; module_alignment_tablet=&#8221;left&#8221; module_alignment_phone=&#8221;left&#8221; module_alignment_last_edited=&#8221;on|tablet&#8221; global_colors_info=&#8221;{}&#8221;][et_pb_column_inner saved_specialty_column_type=&#8221;1_2&#8243; _builder_version=&#8221;4.17.4&#8243; _module_preset=&#8221;default&#8221; global_colors_info=&#8221;{}&#8221;][et_pb_text admin_label=&#8221;OUR APPROACH&#8221; _builder_version=&#8221;4.17.6&#8243; _module_preset=&#8221;default&#8221; text_text_color=&#8221;#232323&#8243; header_2_text_color=&#8221;#003468&#8243; header_2_font_size=&#8221;34px&#8221; custom_margin=&#8221;||0px||false|false&#8221; animation_direction=&#8221;left&#8221; global_colors_info=&#8221;{}&#8221;]<\/p>\n<h2>B\u00c2TIR DES RELATIONS<\/h2>\n<p>Nous sommes une voix de confiance pour nos clients du secteur du commerce de d\u00e9tail. Nos conseils sont fond\u00e9s sur une compr\u00e9hension claire de leurs objectifs d&#8217;investissement ou commerciaux, et sur un d\u00e9vouement in\u00e9branlable \u00e0 l&#8217;utilisation de notre expertise en mati\u00e8re de commerce de d\u00e9tail afin de cr\u00e9er de la valeur \u00e0 chaque occasion. Nous agissons en tant que partenaire pour adapter et ex\u00e9cuter des solutions qui r\u00e9pondent \u00e0 leurs objectifs de performance sp\u00e9cifiques et nous avons l&#8217;expertise approfondie requise pour g\u00e9rer le processus dans son entier, de la conception \u00e0 l&#8217;occupation compl\u00e8te. Nous cherchons \u00e0 \u00e9tablir des relations de confiance et de longue dur\u00e9e afin de pouvoir mettre nos connaissances en mati\u00e8re de commerce de d\u00e9tail au service de nos clients lorsque les conditions du march\u00e9 changent et que de nouvelles opportunit\u00e9s se pr\u00e9sentent.[\/et_pb_text][\/et_pb_column_inner][\/et_pb_row_inner][et_pb_row_inner _builder_version=&#8221;4.17.6&#8243; _module_preset=&#8221;default&#8221; width=&#8221;100%&#8221; max_width=&#8221;680px&#8221; module_alignment=&#8221;right&#8221; custom_padding=&#8221;0px||60px||false|false&#8221; module_alignment_tablet=&#8221;left&#8221; module_alignment_phone=&#8221;left&#8221; module_alignment_last_edited=&#8221;on|tablet&#8221; global_colors_info=&#8221;{}&#8221;][et_pb_column_inner saved_specialty_column_type=&#8221;1_2&#8243; _builder_version=&#8221;4.17.4&#8243; _module_preset=&#8221;default&#8221; global_colors_info=&#8221;{}&#8221;][et_pb_text admin_label=&#8221;OUR APPROACH&#8221; _builder_version=&#8221;4.17.6&#8243; _module_preset=&#8221;default&#8221; text_text_color=&#8221;#232323&#8243; header_2_text_color=&#8221;#003468&#8243; header_2_font_size=&#8221;34px&#8221; custom_margin=&#8221;||0px||false|false&#8221; animation_direction=&#8221;left&#8221; global_colors_info=&#8221;{}&#8221;]<\/p>\n<h2>EXP\u00c9RIENCE EN CONSTRUCTION<\/h2>\n<p>L\u00e0 o\u00f9 l&#8217;exp\u00e9rience de McCOR Management se distingue vraiment, c&#8217;est dans la cr\u00e9ation d&#8217;approches sur mesure qui cr\u00e9ent de la valeur dans des circonstances difficiles. En bref, nous sommes experts dans la transformation de probl\u00e8mes potentiels en opportunit\u00e9s. Qu&#8217;il s&#8217;agisse de faire appel \u00e0 notre r\u00e9seau national et local de d\u00e9taillants pour obtenir une occupation compl\u00e8te avant m\u00eame qu&#8217;une enseigne ne soit pos\u00e9e, ou de r\u00e9affecter l&#8217;espace pour attirer des locataires prestigieux, notre capacit\u00e9 \u00e0 obtenir des r\u00e9sultats qui d\u00e9passent les attentes nous place dans une position unique parmi les gestionnaires d&#8217;immobilier commercial.<\/p>\n<p>[\/et_pb_text][\/et_pb_column_inner][\/et_pb_row_inner][\/et_pb_column][et_pb_column type=&#8221;1_2&#8243; _builder_version=&#8221;4.16&#8243; custom_padding=&#8221;|||&#8221; global_colors_info=&#8221;{}&#8221; custom_padding__hover=&#8221;|||&#8221;][et_pb_divider show_divider=&#8221;off&#8221; _builder_version=&#8221;4.17.6&#8243; _module_preset=&#8221;default&#8221; custom_padding=&#8221;200px||200px||false|false&#8221; global_colors_info=&#8221;{}&#8221;][\/et_pb_divider][\/et_pb_column][\/et_pb_section]<\/p>\n","protected":false},"excerpt":{"rendered":"<p>COMMERCE DE D\u00c9TAILCR\u00c9ER DE LA VALEUR \u00c0 TOUS LES NIVEAUX McCOR Management cr\u00e9e des environnements de commerce de d\u00e9tail extraordinaires pour les investisseurs, les d\u00e9taillants, les acheteurs et les communaut\u00e9s. Nous y parvenons constamment en \u00e9tant \u00e0 l&#8217;avant-garde de l&#8217;\u00e9volution de la demande des consommateurs, des strat\u00e9gies des d\u00e9taillants et des tendances qui affectent le [&hellip;]<\/p>\n","protected":false},"author":1,"featured_media":0,"parent":0,"menu_order":0,"comment_status":"closed","ping_status":"closed","template":"","meta":{"_et_pb_use_builder":"on","_et_pb_old_content":"","_et_gb_content_width":"","_exactmetrics_skip_tracking":false,"_exactmetrics_sitenote_active":false,"_exactmetrics_sitenote_note":"","_exactmetrics_sitenote_category":0,"footnotes":""},"class_list":["post-3710","page","type-page","status-publish","hentry"],"yoast_head":"<!-- This site is optimized with the Yoast SEO plugin v27.3 - https:\/\/yoast.com\/product\/yoast-seo-wordpress\/ -->\n<title>Commerce de d\u00e9tail - McCor<\/title>\n<meta name=\"robots\" content=\"index, follow, max-snippet:-1, max-image-preview:large, max-video-preview:-1\" \/>\n<link rel=\"canonical\" href=\"https:\/\/mccor.ca\/fr\/commerce-de-detail\/\" \/>\n<meta property=\"og:locale\" content=\"fr_FR\" \/>\n<meta property=\"og:type\" content=\"article\" \/>\n<meta property=\"og:title\" content=\"Commerce de d\u00e9tail - McCor\" \/>\n<meta property=\"og:description\" content=\"COMMERCE DE D\u00c9TAILCR\u00c9ER DE LA VALEUR \u00c0 TOUS LES NIVEAUX McCOR Management cr\u00e9e des environnements de commerce de d\u00e9tail extraordinaires pour les investisseurs, les d\u00e9taillants, les acheteurs et les communaut\u00e9s. Nous y parvenons constamment en \u00e9tant \u00e0 l&#039;avant-garde de l&#039;\u00e9volution de la demande des consommateurs, des strat\u00e9gies des d\u00e9taillants et des tendances qui affectent le [&hellip;]\" \/>\n<meta property=\"og:url\" content=\"https:\/\/mccor.ca\/fr\/commerce-de-detail\/\" \/>\n<meta property=\"og:site_name\" content=\"McCor\" \/>\n<meta property=\"article:publisher\" content=\"https:\/\/www.facebook.com\/mccormanagement\/\" \/>\n<meta property=\"article:modified_time\" content=\"2023-08-24T14:19:01+00:00\" \/>\n<meta name=\"twitter:card\" content=\"summary_large_image\" \/>\n<meta name=\"twitter:site\" content=\"@MccorMgmt\" \/>\n<meta name=\"twitter:label1\" content=\"Dur\u00e9e de lecture estim\u00e9e\" \/>\n\t<meta name=\"twitter:data1\" content=\"5 minutes\" \/>\n<script type=\"application\/ld+json\" class=\"yoast-schema-graph\">{\"@context\":\"https:\\\/\\\/schema.org\",\"@graph\":[{\"@type\":\"WebPage\",\"@id\":\"https:\\\/\\\/mccor.ca\\\/fr\\\/commerce-de-detail\\\/\",\"url\":\"https:\\\/\\\/mccor.ca\\\/fr\\\/commerce-de-detail\\\/\",\"name\":\"Commerce de d\u00e9tail - McCor\",\"isPartOf\":{\"@id\":\"https:\\\/\\\/mccor.ca\\\/fr\\\/#website\"},\"datePublished\":\"2022-08-04T15:19:10+00:00\",\"dateModified\":\"2023-08-24T14:19:01+00:00\",\"breadcrumb\":{\"@id\":\"https:\\\/\\\/mccor.ca\\\/fr\\\/commerce-de-detail\\\/#breadcrumb\"},\"inLanguage\":\"fr-FR\",\"potentialAction\":[{\"@type\":\"ReadAction\",\"target\":[\"https:\\\/\\\/mccor.ca\\\/fr\\\/commerce-de-detail\\\/\"]}]},{\"@type\":\"BreadcrumbList\",\"@id\":\"https:\\\/\\\/mccor.ca\\\/fr\\\/commerce-de-detail\\\/#breadcrumb\",\"itemListElement\":[{\"@type\":\"ListItem\",\"position\":1,\"name\":\"Home\",\"item\":\"https:\\\/\\\/mccor.ca\\\/fr\\\/mccor-une-societe-leader-dans-limmobilier-et-la-gestion-immobiliere-au-canada\\\/\"},{\"@type\":\"ListItem\",\"position\":2,\"name\":\"Commerce de d\u00e9tail\"}]},{\"@type\":\"WebSite\",\"@id\":\"https:\\\/\\\/mccor.ca\\\/fr\\\/#website\",\"url\":\"https:\\\/\\\/mccor.ca\\\/fr\\\/\",\"name\":\"McCOR Management\",\"description\":\"A Leading Real Estate &amp; Property Management Company Canada\",\"publisher\":{\"@id\":\"https:\\\/\\\/mccor.ca\\\/fr\\\/#organization\"},\"potentialAction\":[{\"@type\":\"SearchAction\",\"target\":{\"@type\":\"EntryPoint\",\"urlTemplate\":\"https:\\\/\\\/mccor.ca\\\/fr\\\/?s={search_term_string}\"},\"query-input\":{\"@type\":\"PropertyValueSpecification\",\"valueRequired\":true,\"valueName\":\"search_term_string\"}}],\"inLanguage\":\"fr-FR\"},{\"@type\":\"Organization\",\"@id\":\"https:\\\/\\\/mccor.ca\\\/fr\\\/#organization\",\"name\":\"McCOR Management\",\"url\":\"https:\\\/\\\/mccor.ca\\\/fr\\\/\",\"logo\":{\"@type\":\"ImageObject\",\"inLanguage\":\"fr-FR\",\"@id\":\"https:\\\/\\\/mccor.ca\\\/fr\\\/#\\\/schema\\\/logo\\\/image\\\/\",\"url\":\"https:\\\/\\\/mccor.ca\\\/wp-content\\\/uploads\\\/2022\\\/08\\\/favicon.png\",\"contentUrl\":\"https:\\\/\\\/mccor.ca\\\/wp-content\\\/uploads\\\/2022\\\/08\\\/favicon.png\",\"width\":500,\"height\":500,\"caption\":\"McCOR Management\"},\"image\":{\"@id\":\"https:\\\/\\\/mccor.ca\\\/fr\\\/#\\\/schema\\\/logo\\\/image\\\/\"},\"sameAs\":[\"https:\\\/\\\/www.facebook.com\\\/mccormanagement\\\/\",\"https:\\\/\\\/x.com\\\/MccorMgmt\",\"https:\\\/\\\/www.linkedin.com\\\/company\\\/mccor-management\\\/\"]}]}<\/script>\n<!-- \/ Yoast SEO plugin. -->","yoast_head_json":{"title":"Commerce de d\u00e9tail - McCor","robots":{"index":"index","follow":"follow","max-snippet":"max-snippet:-1","max-image-preview":"max-image-preview:large","max-video-preview":"max-video-preview:-1"},"canonical":"https:\/\/mccor.ca\/fr\/commerce-de-detail\/","og_locale":"fr_FR","og_type":"article","og_title":"Commerce de d\u00e9tail - McCor","og_description":"COMMERCE DE D\u00c9TAILCR\u00c9ER DE LA VALEUR \u00c0 TOUS LES NIVEAUX McCOR Management cr\u00e9e des environnements de commerce de d\u00e9tail extraordinaires pour les investisseurs, les d\u00e9taillants, les acheteurs et les communaut\u00e9s. Nous y parvenons constamment en \u00e9tant \u00e0 l'avant-garde de l'\u00e9volution de la demande des consommateurs, des strat\u00e9gies des d\u00e9taillants et des tendances qui affectent le [&hellip;]","og_url":"https:\/\/mccor.ca\/fr\/commerce-de-detail\/","og_site_name":"McCor","article_publisher":"https:\/\/www.facebook.com\/mccormanagement\/","article_modified_time":"2023-08-24T14:19:01+00:00","twitter_card":"summary_large_image","twitter_site":"@MccorMgmt","twitter_misc":{"Dur\u00e9e de lecture estim\u00e9e":"5 minutes"},"schema":{"@context":"https:\/\/schema.org","@graph":[{"@type":"WebPage","@id":"https:\/\/mccor.ca\/fr\/commerce-de-detail\/","url":"https:\/\/mccor.ca\/fr\/commerce-de-detail\/","name":"Commerce de d\u00e9tail - McCor","isPartOf":{"@id":"https:\/\/mccor.ca\/fr\/#website"},"datePublished":"2022-08-04T15:19:10+00:00","dateModified":"2023-08-24T14:19:01+00:00","breadcrumb":{"@id":"https:\/\/mccor.ca\/fr\/commerce-de-detail\/#breadcrumb"},"inLanguage":"fr-FR","potentialAction":[{"@type":"ReadAction","target":["https:\/\/mccor.ca\/fr\/commerce-de-detail\/"]}]},{"@type":"BreadcrumbList","@id":"https:\/\/mccor.ca\/fr\/commerce-de-detail\/#breadcrumb","itemListElement":[{"@type":"ListItem","position":1,"name":"Home","item":"https:\/\/mccor.ca\/fr\/mccor-une-societe-leader-dans-limmobilier-et-la-gestion-immobiliere-au-canada\/"},{"@type":"ListItem","position":2,"name":"Commerce de d\u00e9tail"}]},{"@type":"WebSite","@id":"https:\/\/mccor.ca\/fr\/#website","url":"https:\/\/mccor.ca\/fr\/","name":"McCOR Management","description":"A Leading Real Estate &amp; Property Management Company Canada","publisher":{"@id":"https:\/\/mccor.ca\/fr\/#organization"},"potentialAction":[{"@type":"SearchAction","target":{"@type":"EntryPoint","urlTemplate":"https:\/\/mccor.ca\/fr\/?s={search_term_string}"},"query-input":{"@type":"PropertyValueSpecification","valueRequired":true,"valueName":"search_term_string"}}],"inLanguage":"fr-FR"},{"@type":"Organization","@id":"https:\/\/mccor.ca\/fr\/#organization","name":"McCOR Management","url":"https:\/\/mccor.ca\/fr\/","logo":{"@type":"ImageObject","inLanguage":"fr-FR","@id":"https:\/\/mccor.ca\/fr\/#\/schema\/logo\/image\/","url":"https:\/\/mccor.ca\/wp-content\/uploads\/2022\/08\/favicon.png","contentUrl":"https:\/\/mccor.ca\/wp-content\/uploads\/2022\/08\/favicon.png","width":500,"height":500,"caption":"McCOR Management"},"image":{"@id":"https:\/\/mccor.ca\/fr\/#\/schema\/logo\/image\/"},"sameAs":["https:\/\/www.facebook.com\/mccormanagement\/","https:\/\/x.com\/MccorMgmt","https:\/\/www.linkedin.com\/company\/mccor-management\/"]}]}},"_links":{"self":[{"href":"https:\/\/mccor.ca\/fr\/wp-json\/wp\/v2\/pages\/3710","targetHints":{"allow":["GET"]}}],"collection":[{"href":"https:\/\/mccor.ca\/fr\/wp-json\/wp\/v2\/pages"}],"about":[{"href":"https:\/\/mccor.ca\/fr\/wp-json\/wp\/v2\/types\/page"}],"author":[{"embeddable":true,"href":"https:\/\/mccor.ca\/fr\/wp-json\/wp\/v2\/users\/1"}],"replies":[{"embeddable":true,"href":"https:\/\/mccor.ca\/fr\/wp-json\/wp\/v2\/comments?post=3710"}],"version-history":[{"count":2,"href":"https:\/\/mccor.ca\/fr\/wp-json\/wp\/v2\/pages\/3710\/revisions"}],"predecessor-version":[{"id":3712,"href":"https:\/\/mccor.ca\/fr\/wp-json\/wp\/v2\/pages\/3710\/revisions\/3712"}],"wp:attachment":[{"href":"https:\/\/mccor.ca\/fr\/wp-json\/wp\/v2\/media?parent=3710"}],"curies":[{"name":"wp","href":"https:\/\/api.w.org\/{rel}","templated":true}]}}