{"id":3615,"date":"2022-05-09T15:32:48","date_gmt":"2022-05-09T15:32:48","guid":{"rendered":"https:\/\/mccor.ca\/a-propos-de-nous\/"},"modified":"2023-08-04T17:57:22","modified_gmt":"2023-08-04T17:57:22","slug":"a-propos-de-nous","status":"publish","type":"page","link":"https:\/\/mccor.ca\/fr\/a-propos-de-nous\/","title":{"rendered":"\u00c0 PROPOS DE NOUS"},"content":{"rendered":"<p>[et_pb_section fb_built=&#8221;1&#8243; custom_padding_last_edited=&#8221;on|phone&#8221; _builder_version=&#8221;4.19.4&#8243; _module_preset=&#8221;default&#8221; background_color=&#8221;#003468&#8243; background_enable_image=&#8221;off&#8221; z_index=&#8221;9&#8243; custom_padding=&#8221;100px|30px|0px|30px|false|false&#8221; custom_padding_tablet=&#8221;30px||||false|false&#8221; custom_padding_phone=&#8221;30px||||false|false&#8221; bottom_divider_color=&#8221;#003468&#8243; bottom_divider_flip=&#8221;horizontal&#8221; global_colors_info=&#8221;{}&#8221;][et_pb_row _builder_version=&#8221;4.17.6&#8243; _module_preset=&#8221;default&#8221; width=&#8221;100%&#8221; global_colors_info=&#8221;{}&#8221;][et_pb_column type=&#8221;4_4&#8243; _builder_version=&#8221;4.17.3&#8243; _module_preset=&#8221;default&#8221; global_colors_info=&#8221;{}&#8221;][et_pb_text _builder_version=&#8221;4.20.2&#8243; _module_preset=&#8221;default&#8221; header_font=&#8221;|||on|||||&#8221; header_text_color=&#8221;#ffffff&#8221; header_font_size_phone=&#8221;40px&#8221; global_colors_info=&#8221;{}&#8221;]<\/p>\n<h1>\u00c0 PROPOS DE NOUS<\/h1>\n<p>[\/et_pb_text][\/et_pb_column][\/et_pb_row][\/et_pb_section][et_pb_section fb_built=&#8221;1&#8243; make_equal=&#8221;on&#8221; use_custom_gutter=&#8221;on&#8221; specialty=&#8221;on&#8221; custom_padding_last_edited=&#8221;on|phone&#8221; bg_img_2=&#8221;https:\/\/mccor.ca\/wp-content\/uploads\/2022\/08\/retail.jpg&#8221; background_position_2=&#8221;center_right&#8221; padding_top_1=&#8221;200px&#8221; padding_top_2=&#8221;0px&#8221; padding_right_1=&#8221;0px&#8221; padding_right_2=&#8221;0px&#8221; padding_bottom_1=&#8221;100px&#8221; padding_bottom_2=&#8221;0px&#8221; padding_left_1=&#8221;0px&#8221; padding_left_2=&#8221;0px&#8221; padding_top_bottom_link_1=&#8221;false&#8221; padding_top_bottom_link_2=&#8221;false&#8221; padding_left_right_link_1=&#8221;false&#8221; padding_left_right_link_2=&#8221;false&#8221; padding_1_tablet=&#8221;130px|30px|0px|30px|false|false&#8221; padding_1_phone=&#8221;90px|30px|0px|30px|false|false&#8221; padding_1_last_edited=&#8221;on|phone&#8221; _builder_version=&#8221;4.19.4&#8243; _module_preset=&#8221;default&#8221; background_color=&#8221;#E8F2F9&#8243; inner_width=&#8221;100%&#8221; inner_max_width=&#8221;100%&#8221; custom_padding=&#8221;0px|30px|0px|30px|false|false&#8221; custom_padding_tablet=&#8221;|0px||0px|false|false&#8221; custom_padding_phone=&#8221;0px|0px|0px|0px|false|false&#8221; top_divider_style=&#8221;asymmetric2&#8243; top_divider_color=&#8221;#003468&#8243; top_divider_flip=&#8221;horizontal&#8221; top_divider_arrangement=&#8221;above_content&#8221; top_divider_height_tablet=&#8221;70px&#8221; top_divider_height_phone=&#8221;30px&#8221; top_divider_height_last_edited=&#8221;on|phone&#8221; global_colors_info=&#8221;{}&#8221;][et_pb_column type=&#8221;1_2&#8243; specialty_columns=&#8221;2&#8243; _builder_version=&#8221;4.16&#8243; custom_padding=&#8221;|||&#8221; global_colors_info=&#8221;{}&#8221; custom_padding__hover=&#8221;|||&#8221;][et_pb_row_inner _builder_version=&#8221;4.17.6&#8243; _module_preset=&#8221;default&#8221; width=&#8221;100%&#8221; max_width=&#8221;675px&#8221; module_alignment=&#8221;right&#8221; custom_padding=&#8221;0px||60px||false|false&#8221; module_alignment_tablet=&#8221;left&#8221; module_alignment_phone=&#8221;left&#8221; module_alignment_last_edited=&#8221;on|tablet&#8221; global_colors_info=&#8221;{}&#8221;][et_pb_column_inner saved_specialty_column_type=&#8221;1_2&#8243; _builder_version=&#8221;4.17.4&#8243; _module_preset=&#8221;default&#8221; global_colors_info=&#8221;{}&#8221;][et_pb_text admin_label=&#8221;Text&#8221; _builder_version=&#8221;4.20.2&#8243; _module_preset=&#8221;default&#8221; text_text_color=&#8221;#232323&#8243; header_2_text_color=&#8221;#003468&#8243; header_2_font_size=&#8221;34px&#8221; custom_margin=&#8221;||0px||false|false&#8221; animation_direction=&#8221;left&#8221; global_colors_info=&#8221;{}&#8221;]<\/p>\n<h2>NOUS PLA\u00c7ONS LA VALEUR AU C\u0152UR DE TOUT CE QUE NOUS FAISONS.<\/h2>\n<p><span>Form\u00e9e par l&#8217;union de High Peak Group of Companies et de NewWest Enterprise Property Group, McCOR Management a \u00e9t\u00e9 cr\u00e9\u00e9e en 2014 afin d&#8217;offrir aux clients un service immobilier plus complet autant au niveau local que national.<\/span><\/p>\n<p>[\/et_pb_text][\/et_pb_column_inner][\/et_pb_row_inner][et_pb_row_inner column_structure=&#8221;1_2,1_2&#8243; _builder_version=&#8221;4.17.6&#8243; _module_preset=&#8221;default&#8221; width=&#8221;100%&#8221; max_width=&#8221;675px&#8221; module_alignment=&#8221;right&#8221; custom_padding=&#8221;0px||60px||false|false&#8221; module_alignment_tablet=&#8221;left&#8221; module_alignment_phone=&#8221;left&#8221; module_alignment_last_edited=&#8221;on|tablet&#8221; global_colors_info=&#8221;{}&#8221;][et_pb_column_inner type=&#8221;1_2&#8243; saved_specialty_column_type=&#8221;1_2&#8243; _builder_version=&#8221;4.17.4&#8243; _module_preset=&#8221;default&#8221; global_colors_info=&#8221;{}&#8221;][et_pb_number_counter title=&#8221;VALEUR DES ACTIFS SOUS GESTION&#8221; number=&#8221;3&#8243; percent_sign=&#8221;off&#8221; module_class=&#8221;amount_counter&#8221; _builder_version=&#8221;4.19.0&#8243; _module_preset=&#8221;default&#8221; title_text_color=&#8221;#003468&#8243; number_font=&#8221;|700|||||||&#8221; number_text_color=&#8221;#0072BC&#8221; number_font_size=&#8221;100px&#8221; max_width=&#8221;330px&#8221; custom_css_main_element=&#8221;display: inline-block;&#8221; global_colors_info=&#8221;{}&#8221;][\/et_pb_number_counter][\/et_pb_column_inner][et_pb_column_inner type=&#8221;1_2&#8243; saved_specialty_column_type=&#8221;1_2&#8243; _builder_version=&#8221;4.17.4&#8243; _module_preset=&#8221;default&#8221; global_colors_info=&#8221;{}&#8221;][et_pb_number_counter title=&#8221;ACTIFS SOUS LA GESTION DE McCOR&#8221; number=&#8221;175&#8243; percent_sign=&#8221;off&#8221; module_class=&#8221;amount_counter2&#8243; _builder_version=&#8221;4.20.2&#8243; _module_preset=&#8221;default&#8221; title_text_color=&#8221;#003468&#8243; number_font=&#8221;|700|||||||&#8221; number_text_color=&#8221;#0072BC&#8221; number_font_size=&#8221;100px&#8221; max_width=&#8221;330px&#8221; global_colors_info=&#8221;{}&#8221;][\/et_pb_number_counter][\/et_pb_column_inner][\/et_pb_row_inner][et_pb_row_inner _builder_version=&#8221;4.17.6&#8243; _module_preset=&#8221;default&#8221; width=&#8221;100%&#8221; max_width=&#8221;675px&#8221; module_alignment=&#8221;right&#8221; custom_margin=&#8221;||0px||false|false&#8221; custom_padding=&#8221;0px||0px||false|false&#8221; module_alignment_tablet=&#8221;left&#8221; module_alignment_phone=&#8221;left&#8221; module_alignment_last_edited=&#8221;on|tablet&#8221; global_colors_info=&#8221;{}&#8221;][et_pb_column_inner saved_specialty_column_type=&#8221;1_2&#8243; _builder_version=&#8221;4.17.4&#8243; _module_preset=&#8221;default&#8221; global_colors_info=&#8221;{}&#8221;][et_pb_text admin_label=&#8221;OUR APPROACH&#8221; _builder_version=&#8221;4.20.2&#8243; _module_preset=&#8221;default&#8221; header_2_text_color=&#8221;#003468&#8243; header_2_font_size=&#8221;34px&#8221; custom_margin=&#8221;||0px||false|false&#8221; animation_direction=&#8221;left&#8221; global_colors_info=&#8221;{}&#8221;]<\/p>\n<h2>EN SAVOIR PLUS SUR McCOR<\/h2>\n<p>[\/et_pb_text][et_pb_slider use_bg_overlay=&#8221;off&#8221; use_text_overlay=&#8221;off&#8221; arrows_custom_color=&#8221;#CC9C00&#8243; dot_nav_custom_color=&#8221;#CC9C00&#8243; _builder_version=&#8221;4.20.2&#8243; _module_preset=&#8221;default&#8221; header_level=&#8221;h3&#8243; header_font=&#8221;||||||||&#8221; header_text_color=&#8221;#003468&#8243; header_font_size=&#8221;20px&#8221; body_text_color=&#8221;#232323&#8243; body_font_size=&#8221;17px&#8221; background_color=&#8221;RGBA(255,255,255,0)&#8221; text_orientation=&#8221;left&#8221; width=&#8221;100%&#8221; max_width=&#8221;100%&#8221; content_max_width=&#8221;100%&#8221; overflow-x=&#8221;visible&#8221; overflow-y=&#8221;visible&#8221; custom_margin=&#8221;||||false|false&#8221; custom_padding=&#8221;0px||0px||false|false&#8221; body_font_size_last_edited=&#8221;off|desktop&#8221; header_text_shadow_style=&#8221;preset5&#8243; header_text_shadow_color=&#8221;RGBA(255,255,255,0)&#8221; body_text_shadow_style=&#8221;preset5&#8243; body_text_shadow_color=&#8221;RGBA(255,255,255,0)&#8221; border_color_all=&#8221;#003468&#8243; border_color_left=&#8221;#CC9C00&#8243; global_colors_info=&#8221;{}&#8221;][et_pb_slide _builder_version=&#8221;4.20.2&#8243; _module_preset=&#8221;default&#8221; header_level=&#8221;h3&#8243; header_font=&#8221;||||||||&#8221; header_font_size=&#8221;20px&#8221; background_enable_color=&#8221;off&#8221; custom_padding=&#8221;0px|0px|0px|0px|false|false&#8221; global_colors_info=&#8221;{}&#8221; sticky_transition=&#8221;on&#8221;]<\/p>\n<p><span>Fond\u00e9e sur la compr\u00e9hension et la passion, les valeurs communes de ses deux fondateurs : Luc Corneli et Doug McDonald, McCOR Management cr\u00e9era de la valeur \u00e0 long terme pour ses clients et leurs propri\u00e9t\u00e9s en maximisant l&#8217;efficacit\u00e9, en minimisant les co\u00fbts et en augmentant les revenus.<\/span><\/p>\n<p>[\/et_pb_slide][et_pb_slide _builder_version=&#8221;4.20.2&#8243; _module_preset=&#8221;default&#8221; background_enable_color=&#8221;off&#8221; global_colors_info=&#8221;{}&#8221; sticky_transition=&#8221;on&#8221;]<\/p>\n<p><span>Les directeurs et l&#8217;\u00e9quipe de gestion du High Peak Group of Companies et du NewWest Enterprise Property Group ont choisi cette voie puisqu&#8217;ils sont convaincus qu&#8217;ensemble, McCOR Management a le potentiel de cr\u00e9er quelque chose d&#8217;unique &#8211; une soci\u00e9t\u00e9 de type boutique avec une pr\u00e9sence nationale.<\/span><\/p>\n<p>[\/et_pb_slide][et_pb_slide _builder_version=&#8221;4.20.2&#8243; _module_preset=&#8221;default&#8221; background_enable_color=&#8221;off&#8221; global_colors_info=&#8221;{}&#8221; sticky_transition=&#8221;on&#8221;]<\/p>\n<p>McCOR a des bureaux \u00e0 Calgary, Edmonton, Gatineau, Laval, Regina, Toronto, Vancouver, Winnipeg et Yellowknife, offrant la port\u00e9e nationale n\u00e9cessaire pour mieux servir les principaux investisseurs et occupants tout en conservant l&#8217;expertise locale pour accueillir les petites entreprises et les entreprises individuelles de mani\u00e8re comp\u00e9titive.<\/p>\n<p>[\/et_pb_slide][\/et_pb_slider][\/et_pb_column_inner][\/et_pb_row_inner][\/et_pb_column][et_pb_column type=&#8221;1_2&#8243; _builder_version=&#8221;4.16&#8243; custom_padding=&#8221;|||&#8221; global_colors_info=&#8221;{}&#8221; custom_padding__hover=&#8221;|||&#8221;][et_pb_divider show_divider=&#8221;off&#8221; _builder_version=&#8221;4.17.6&#8243; _module_preset=&#8221;default&#8221; custom_padding=&#8221;200px||200px||false|false&#8221; global_colors_info=&#8221;{}&#8221;][\/et_pb_divider][\/et_pb_column][\/et_pb_section][et_pb_section fb_built=&#8221;1&#8243; custom_padding_last_edited=&#8221;on|tablet&#8221; module_class=&#8221;logo_overlay_right&#8221; _builder_version=&#8221;4.17.6&#8243; _module_preset=&#8221;default&#8221; background_enable_image=&#8221;off&#8221; background_size=&#8221;contain&#8221; overflow-x=&#8221;hidden&#8221; overflow-y=&#8221;hidden&#8221; custom_padding=&#8221;100px|30px|120px|30px|false|false&#8221; custom_padding_tablet=&#8221;60px||120px||false|false&#8221; custom_padding_phone=&#8221;60px|30px|60px|30px|false|false&#8221; bottom_divider_style=&#8221;asymmetric2&#8243; bottom_divider_color=&#8221;#003468&#8243; bottom_divider_height_tablet=&#8221;70px&#8221; bottom_divider_height_phone=&#8221;30px&#8221; bottom_divider_height_last_edited=&#8221;on|phone&#8221; global_colors_info=&#8221;{}&#8221;][et_pb_row _builder_version=&#8221;4.17.6&#8243; _module_preset=&#8221;default&#8221; z_index=&#8221;9&#8243; width=&#8221;100%&#8221; custom_padding=&#8221;|0px|60px|0px|false|false&#8221; global_colors_info=&#8221;{}&#8221;][et_pb_column type=&#8221;4_4&#8243; _builder_version=&#8221;4.17.3&#8243; _module_preset=&#8221;default&#8221; global_colors_info=&#8221;{}&#8221;][et_pb_text admin_label=&#8221;OUR APPROACH&#8221; _builder_version=&#8221;4.20.2&#8243; _module_preset=&#8221;default&#8221; header_2_font=&#8221;|||on|||||&#8221; header_2_text_align=&#8221;center&#8221; header_2_text_color=&#8221;#003468&#8243; header_2_font_size=&#8221;34px&#8221; custom_margin=&#8221;||0px||false|false&#8221; animation_direction=&#8221;left&#8221; global_colors_info=&#8221;{}&#8221;]<\/p>\n<h2>Notre personnel est notre force.<\/h2>\n<p>[\/et_pb_text][et_pb_text admin_label=&#8221;OUR APPROACH&#8221; _builder_version=&#8221;4.17.6&#8243; _module_preset=&#8221;default&#8221; text_text_color=&#8221;#232323&#8243; header_2_text_color=&#8221;#003468&#8243; header_3_text_color=&#8221;#003468&#8243; text_orientation=&#8221;center&#8221; width=&#8221;100%&#8221; max_width=&#8221;1000px&#8221; module_alignment=&#8221;center&#8221; global_colors_info=&#8221;{}&#8221;]<\/p>\n<p>Ce n&#8217;est un secret pour personne que McCOR Management est une entreprise humaine. Ce sont nos collaborateurs, et leur volont\u00e9 de toujours accomplir leur travail au mieux de leurs capacit\u00e9s qui nous distinguent.<\/p>\n<p><span>Nous sommes r\u00e9put\u00e9s pour cr\u00e9er et entretenir des \u00e9quipes et des individus exceptionnels, et le talent de notre personnel est particuli\u00e8rement \u00e9vident au sein de notre \u00e9quipe de direction. Elle comprend certains des professionnels de l&#8217;immobilier les plus exp\u00e9riment\u00e9s et les plus ing\u00e9nieux du Canada. Des professionnels comp\u00e9tents, dot\u00e9s d\u2019une connaissance approfondie de l&#8217;industrie, d&#8217;une expertise, d&#8217;une accr\u00e9ditation et d&#8217;un d\u00e9vouement total \u00e0 la satisfaction du client.<\/span><\/p>\n<p>[\/et_pb_text][\/et_pb_column][\/et_pb_row][et_pb_row column_structure=&#8221;1_2,1_2&#8243; use_custom_gutter=&#8221;on&#8221; gutter_width=&#8221;2&#8243; make_equal=&#8221;on&#8221; _builder_version=&#8221;4.17.4&#8243; _module_preset=&#8221;default&#8221; z_index=&#8221;9&#8243; width=&#8221;100%&#8221; global_colors_info=&#8221;{}&#8221;][et_pb_column type=&#8221;1_2&#8243; _builder_version=&#8221;4.17.3&#8243; _module_preset=&#8221;default&#8221; global_colors_info=&#8221;{}&#8221;][et_pb_team_member name=&#8221;Luc Corneli&#8221; position=&#8221;Principal et fondateur&#8221; image_url=&#8221;https:\/\/mccor.ca\/wp-content\/uploads\/2022\/05\/luc-headshot1.jpeg&#8221; _builder_version=&#8221;4.18.0&#8243; _module_preset=&#8221;default&#8221; header_level=&#8221;h3&#8243; position_font=&#8221;|||on|||||&#8221; position_text_color=&#8221;#0072bc&#8221; position_font_size=&#8221;18px&#8221; text_orientation=&#8221;center&#8221; custom_css_member_image=&#8221;text-align: center;||margin: 0 auto 30px auto;&#8221; custom_css_title=&#8221;||&#8221; custom_css_member_position=&#8221;margin-top: -10px;||margin-bottom: 20px;&#8221; border_color_all_image=&#8221;rgba(0,52,104,0.23)&#8221; global_colors_info=&#8221;{}&#8221;]<\/p>\n<p><span> La carri\u00e8re de Luc Corneli dans l&#8217;immobilier remonte \u00e0 plus de trois d\u00e9cennies, d\u00e9butant lorsqu&#8217;il s&#8217;est joint \u00e0 l&#8217;\u00e9quipe de direction d&#8217;un petit centre commercial au Qu\u00e9bec. <\/span><\/p>\n<p>[\/et_pb_team_member][\/et_pb_column][et_pb_column type=&#8221;1_2&#8243; _builder_version=&#8221;4.17.3&#8243; _module_preset=&#8221;default&#8221; global_colors_info=&#8221;{}&#8221;][et_pb_team_member name=&#8221;Douglas J. McDonald&#8221; position=&#8221;Principal et fondateur&#8221; image_url=&#8221;https:\/\/mccor.ca\/wp-content\/uploads\/2022\/05\/dug-headshot2.jpeg&#8221; _builder_version=&#8221;4.18.0&#8243; _module_preset=&#8221;default&#8221; header_level=&#8221;h3&#8243; position_font=&#8221;|||on|||||&#8221; position_text_color=&#8221;#0072BC&#8221; position_font_size=&#8221;18px&#8221; text_orientation=&#8221;center&#8221; module_alignment=&#8221;center&#8221; custom_css_member_image=&#8221;text-align: center;||margin: 0 auto 30px auto;&#8221; custom_css_title=&#8221;||&#8221; custom_css_member_position=&#8221;margin-top: -10px;||margin-bottom: 20px;&#8221; border_color_all_image=&#8221;rgba(0,52,104,0.23)&#8221; global_colors_info=&#8221;{}&#8221;]<\/p>\n<p><span> Doug McDonald apporte \u00e0 McCOR plus de 20 ans d&#8217;exp\u00e9rience dans le domaine de l&#8217;immobilier. Chef de file reconnu de l&#8217;industrie dans le secteur commercial, Doug s&#8217;est constitu\u00e9 un impressionnant portefeuille de clients dans l&#8217;Ouest canadien.<\/span><\/p>\n<p>[\/et_pb_team_member][\/et_pb_column][\/et_pb_row][\/et_pb_section]<\/p>\n","protected":false},"excerpt":{"rendered":"<p>\u00c0 PROPOS DE NOUSNOUS PLA\u00c7ONS LA VALEUR AU C\u0152UR DE TOUT CE QUE NOUS FAISONS. Form\u00e9e par l&#8217;union de High Peak Group of Companies et de NewWest Enterprise Property Group, McCOR Management a \u00e9t\u00e9 cr\u00e9\u00e9e en 2014 afin d&#8217;offrir aux clients un service immobilier plus complet autant au niveau local que national.EN SAVOIR PLUS SUR [&hellip;]<\/p>\n","protected":false},"author":1,"featured_media":0,"parent":0,"menu_order":0,"comment_status":"closed","ping_status":"closed","template":"","meta":{"_et_pb_use_builder":"on","_et_pb_old_content":"","_et_gb_content_width":"","_exactmetrics_skip_tracking":false,"_exactmetrics_sitenote_active":false,"_exactmetrics_sitenote_note":"","_exactmetrics_sitenote_category":0,"footnotes":""},"class_list":["post-3615","page","type-page","status-publish","hentry"],"yoast_head":"<!-- This site is optimized with the Yoast SEO plugin v27.3 - https:\/\/yoast.com\/product\/yoast-seo-wordpress\/ -->\n<title>\u00c0 PROPOS DE NOUS - McCor<\/title>\n<meta name=\"robots\" content=\"index, follow, max-snippet:-1, max-image-preview:large, max-video-preview:-1\" \/>\n<link rel=\"canonical\" href=\"https:\/\/mccor.ca\/fr\/a-propos-de-nous\/\" \/>\n<meta property=\"og:locale\" content=\"fr_FR\" \/>\n<meta property=\"og:type\" content=\"article\" \/>\n<meta property=\"og:title\" content=\"\u00c0 PROPOS DE NOUS - McCor\" \/>\n<meta property=\"og:description\" content=\"\u00c0 PROPOS DE NOUSNOUS PLA\u00c7ONS LA VALEUR AU C\u0152UR DE TOUT CE QUE NOUS FAISONS. Form\u00e9e par l&#039;union de High Peak Group of Companies et de NewWest Enterprise Property Group, McCOR Management a \u00e9t\u00e9 cr\u00e9\u00e9e en 2014 afin d&#039;offrir aux clients un service immobilier plus complet autant au niveau local que national.EN SAVOIR PLUS SUR [&hellip;]\" \/>\n<meta property=\"og:url\" content=\"https:\/\/mccor.ca\/fr\/a-propos-de-nous\/\" \/>\n<meta property=\"og:site_name\" content=\"McCor\" \/>\n<meta property=\"article:publisher\" content=\"https:\/\/www.facebook.com\/mccormanagement\/\" \/>\n<meta property=\"article:modified_time\" content=\"2023-08-04T17:57:22+00:00\" \/>\n<meta name=\"twitter:card\" content=\"summary_large_image\" \/>\n<meta name=\"twitter:site\" content=\"@MccorMgmt\" \/>\n<meta name=\"twitter:label1\" content=\"Dur\u00e9e de lecture estim\u00e9e\" \/>\n\t<meta name=\"twitter:data1\" content=\"9 minutes\" \/>\n<script type=\"application\/ld+json\" class=\"yoast-schema-graph\">{\"@context\":\"https:\\\/\\\/schema.org\",\"@graph\":[{\"@type\":\"WebPage\",\"@id\":\"https:\\\/\\\/mccor.ca\\\/fr\\\/a-propos-de-nous\\\/\",\"url\":\"https:\\\/\\\/mccor.ca\\\/fr\\\/a-propos-de-nous\\\/\",\"name\":\"\u00c0 PROPOS DE NOUS - McCor\",\"isPartOf\":{\"@id\":\"https:\\\/\\\/mccor.ca\\\/fr\\\/#website\"},\"datePublished\":\"2022-05-09T15:32:48+00:00\",\"dateModified\":\"2023-08-04T17:57:22+00:00\",\"breadcrumb\":{\"@id\":\"https:\\\/\\\/mccor.ca\\\/fr\\\/a-propos-de-nous\\\/#breadcrumb\"},\"inLanguage\":\"fr-FR\",\"potentialAction\":[{\"@type\":\"ReadAction\",\"target\":[\"https:\\\/\\\/mccor.ca\\\/fr\\\/a-propos-de-nous\\\/\"]}]},{\"@type\":\"BreadcrumbList\",\"@id\":\"https:\\\/\\\/mccor.ca\\\/fr\\\/a-propos-de-nous\\\/#breadcrumb\",\"itemListElement\":[{\"@type\":\"ListItem\",\"position\":1,\"name\":\"Home\",\"item\":\"https:\\\/\\\/mccor.ca\\\/fr\\\/mccor-une-societe-leader-dans-limmobilier-et-la-gestion-immobiliere-au-canada\\\/\"},{\"@type\":\"ListItem\",\"position\":2,\"name\":\"\u00c0 PROPOS DE NOUS\"}]},{\"@type\":\"WebSite\",\"@id\":\"https:\\\/\\\/mccor.ca\\\/fr\\\/#website\",\"url\":\"https:\\\/\\\/mccor.ca\\\/fr\\\/\",\"name\":\"McCOR Management\",\"description\":\"A Leading Real Estate &amp; Property Management Company Canada\",\"publisher\":{\"@id\":\"https:\\\/\\\/mccor.ca\\\/fr\\\/#organization\"},\"potentialAction\":[{\"@type\":\"SearchAction\",\"target\":{\"@type\":\"EntryPoint\",\"urlTemplate\":\"https:\\\/\\\/mccor.ca\\\/fr\\\/?s={search_term_string}\"},\"query-input\":{\"@type\":\"PropertyValueSpecification\",\"valueRequired\":true,\"valueName\":\"search_term_string\"}}],\"inLanguage\":\"fr-FR\"},{\"@type\":\"Organization\",\"@id\":\"https:\\\/\\\/mccor.ca\\\/fr\\\/#organization\",\"name\":\"McCOR Management\",\"url\":\"https:\\\/\\\/mccor.ca\\\/fr\\\/\",\"logo\":{\"@type\":\"ImageObject\",\"inLanguage\":\"fr-FR\",\"@id\":\"https:\\\/\\\/mccor.ca\\\/fr\\\/#\\\/schema\\\/logo\\\/image\\\/\",\"url\":\"https:\\\/\\\/mccor.ca\\\/wp-content\\\/uploads\\\/2022\\\/08\\\/favicon.png\",\"contentUrl\":\"https:\\\/\\\/mccor.ca\\\/wp-content\\\/uploads\\\/2022\\\/08\\\/favicon.png\",\"width\":500,\"height\":500,\"caption\":\"McCOR Management\"},\"image\":{\"@id\":\"https:\\\/\\\/mccor.ca\\\/fr\\\/#\\\/schema\\\/logo\\\/image\\\/\"},\"sameAs\":[\"https:\\\/\\\/www.facebook.com\\\/mccormanagement\\\/\",\"https:\\\/\\\/x.com\\\/MccorMgmt\",\"https:\\\/\\\/www.linkedin.com\\\/company\\\/mccor-management\\\/\"]}]}<\/script>\n<!-- \/ Yoast SEO plugin. -->","yoast_head_json":{"title":"\u00c0 PROPOS DE NOUS - McCor","robots":{"index":"index","follow":"follow","max-snippet":"max-snippet:-1","max-image-preview":"max-image-preview:large","max-video-preview":"max-video-preview:-1"},"canonical":"https:\/\/mccor.ca\/fr\/a-propos-de-nous\/","og_locale":"fr_FR","og_type":"article","og_title":"\u00c0 PROPOS DE NOUS - McCor","og_description":"\u00c0 PROPOS DE NOUSNOUS PLA\u00c7ONS LA VALEUR AU C\u0152UR DE TOUT CE QUE NOUS FAISONS. Form\u00e9e par l'union de High Peak Group of Companies et de NewWest Enterprise Property Group, McCOR Management a \u00e9t\u00e9 cr\u00e9\u00e9e en 2014 afin d'offrir aux clients un service immobilier plus complet autant au niveau local que national.EN SAVOIR PLUS SUR [&hellip;]","og_url":"https:\/\/mccor.ca\/fr\/a-propos-de-nous\/","og_site_name":"McCor","article_publisher":"https:\/\/www.facebook.com\/mccormanagement\/","article_modified_time":"2023-08-04T17:57:22+00:00","twitter_card":"summary_large_image","twitter_site":"@MccorMgmt","twitter_misc":{"Dur\u00e9e de lecture estim\u00e9e":"9 minutes"},"schema":{"@context":"https:\/\/schema.org","@graph":[{"@type":"WebPage","@id":"https:\/\/mccor.ca\/fr\/a-propos-de-nous\/","url":"https:\/\/mccor.ca\/fr\/a-propos-de-nous\/","name":"\u00c0 PROPOS DE NOUS - McCor","isPartOf":{"@id":"https:\/\/mccor.ca\/fr\/#website"},"datePublished":"2022-05-09T15:32:48+00:00","dateModified":"2023-08-04T17:57:22+00:00","breadcrumb":{"@id":"https:\/\/mccor.ca\/fr\/a-propos-de-nous\/#breadcrumb"},"inLanguage":"fr-FR","potentialAction":[{"@type":"ReadAction","target":["https:\/\/mccor.ca\/fr\/a-propos-de-nous\/"]}]},{"@type":"BreadcrumbList","@id":"https:\/\/mccor.ca\/fr\/a-propos-de-nous\/#breadcrumb","itemListElement":[{"@type":"ListItem","position":1,"name":"Home","item":"https:\/\/mccor.ca\/fr\/mccor-une-societe-leader-dans-limmobilier-et-la-gestion-immobiliere-au-canada\/"},{"@type":"ListItem","position":2,"name":"\u00c0 PROPOS DE NOUS"}]},{"@type":"WebSite","@id":"https:\/\/mccor.ca\/fr\/#website","url":"https:\/\/mccor.ca\/fr\/","name":"McCOR Management","description":"A Leading Real Estate &amp; Property Management Company Canada","publisher":{"@id":"https:\/\/mccor.ca\/fr\/#organization"},"potentialAction":[{"@type":"SearchAction","target":{"@type":"EntryPoint","urlTemplate":"https:\/\/mccor.ca\/fr\/?s={search_term_string}"},"query-input":{"@type":"PropertyValueSpecification","valueRequired":true,"valueName":"search_term_string"}}],"inLanguage":"fr-FR"},{"@type":"Organization","@id":"https:\/\/mccor.ca\/fr\/#organization","name":"McCOR Management","url":"https:\/\/mccor.ca\/fr\/","logo":{"@type":"ImageObject","inLanguage":"fr-FR","@id":"https:\/\/mccor.ca\/fr\/#\/schema\/logo\/image\/","url":"https:\/\/mccor.ca\/wp-content\/uploads\/2022\/08\/favicon.png","contentUrl":"https:\/\/mccor.ca\/wp-content\/uploads\/2022\/08\/favicon.png","width":500,"height":500,"caption":"McCOR Management"},"image":{"@id":"https:\/\/mccor.ca\/fr\/#\/schema\/logo\/image\/"},"sameAs":["https:\/\/www.facebook.com\/mccormanagement\/","https:\/\/x.com\/MccorMgmt","https:\/\/www.linkedin.com\/company\/mccor-management\/"]}]}},"_links":{"self":[{"href":"https:\/\/mccor.ca\/fr\/wp-json\/wp\/v2\/pages\/3615","targetHints":{"allow":["GET"]}}],"collection":[{"href":"https:\/\/mccor.ca\/fr\/wp-json\/wp\/v2\/pages"}],"about":[{"href":"https:\/\/mccor.ca\/fr\/wp-json\/wp\/v2\/types\/page"}],"author":[{"embeddable":true,"href":"https:\/\/mccor.ca\/fr\/wp-json\/wp\/v2\/users\/1"}],"replies":[{"embeddable":true,"href":"https:\/\/mccor.ca\/fr\/wp-json\/wp\/v2\/comments?post=3615"}],"version-history":[{"count":2,"href":"https:\/\/mccor.ca\/fr\/wp-json\/wp\/v2\/pages\/3615\/revisions"}],"predecessor-version":[{"id":3617,"href":"https:\/\/mccor.ca\/fr\/wp-json\/wp\/v2\/pages\/3615\/revisions\/3617"}],"wp:attachment":[{"href":"https:\/\/mccor.ca\/fr\/wp-json\/wp\/v2\/media?parent=3615"}],"curies":[{"name":"wp","href":"https:\/\/api.w.org\/{rel}","templated":true}]}}